{"id":9489,"date":"2025-07-25T12:43:04","date_gmt":"2025-07-25T12:43:04","guid":{"rendered":"https:\/\/noktahome.com\/?post_type=product&#038;p=9489"},"modified":"2025-12-02T12:33:44","modified_gmt":"2025-12-02T12:33:44","slug":"dukha-berjer","status":"publish","type":"product","link":"https:\/\/noktahome.com\/en\/product\/dukha-berjer\/","title":{"rendered":"Dukha Berjer"},"content":{"rendered":"","protected":false},"excerpt":{"rendered":"<p><strong>Dukha Koltuk Tak\u0131m\u0131<\/strong>, modern tasar\u0131m\u0131 ve \u00fcst\u00fcn konforu bir araya getirerek ya\u015fam alanlar\u0131n\u0131za s\u0131cak ve davetkar bir atmosfer kat\u0131yor. Yumu\u015fak, boucl\u00e9 kuma\u015f d\u00f6\u015femesi ile dokunsal bir zenginlik sunan bu tak\u0131m, krem renginin dinginli\u011fi ile her t\u00fcrl\u00fc dekorasyon stiline kolayca uyum sa\u011fl\u0131yor.<\/p>","protected":false},"featured_media":9454,"template":"","meta":[],"product_brand":[],"product_cat":[73,69,21],"product_tag":[],"class_list":{"0":"post-9489","1":"product","2":"type-product","3":"status-publish","4":"has-post-thumbnail","6":"product_cat-berjer","7":"product_cat-oturma-odasi","8":"product_cat-tum-urunler","10":"first","11":"instock","12":"shipping-taxable","13":"purchasable","14":"product-type-simple"},"yoast_head":"<!-- This site is optimized with the Yoast SEO plugin v27.3 - https:\/\/yoast.com\/product\/yoast-seo-wordpress\/ -->\n<title>Dukha Berjer - noktahome.com<\/title>\n<meta name=\"robots\" content=\"index, follow, max-snippet:-1, max-image-preview:large, max-video-preview:-1\" \/>\n<link rel=\"canonical\" href=\"https:\/\/noktahome.com\/en\/product\/dukha-berjer\/\" \/>\n<meta property=\"og:locale\" content=\"en_US\" \/>\n<meta property=\"og:type\" content=\"article\" \/>\n<meta property=\"og:title\" content=\"Dukha Berjer - noktahome.com\" \/>\n<meta property=\"og:description\" content=\"Dukha Koltuk Tak\u0131m\u0131, modern tasar\u0131m\u0131 ve \u00fcst\u00fcn konforu bir araya getirerek ya\u015fam alanlar\u0131n\u0131za s\u0131cak ve davetkar bir atmosfer kat\u0131yor. Yumu\u015fak, boucl\u00e9 kuma\u015f d\u00f6\u015femesi ile dokunsal bir zenginlik sunan bu tak\u0131m, krem renginin dinginli\u011fi ile her t\u00fcrl\u00fc dekorasyon stiline kolayca uyum sa\u011fl\u0131yor.\" \/>\n<meta property=\"og:url\" content=\"https:\/\/noktahome.com\/en\/product\/dukha-berjer\/\" \/>\n<meta property=\"og:site_name\" content=\"noktahome.com\" \/>\n<meta property=\"article:modified_time\" content=\"2025-12-02T12:33:44+00:00\" \/>\n<meta property=\"og:image\" content=\"https:\/\/noktahome.com\/wp-content\/uploads\/2021\/07\/dukha-koltuk-takimi-7.jpg\" \/>\n\t<meta property=\"og:image:width\" content=\"1920\" \/>\n\t<meta property=\"og:image:height\" content=\"1280\" \/>\n\t<meta property=\"og:image:type\" content=\"image\/jpeg\" \/>\n<meta name=\"twitter:card\" content=\"summary_large_image\" \/>\n<meta name=\"twitter:site\" content=\"@noktahome\" \/>\n<script type=\"application\/ld+json\" class=\"yoast-schema-graph\">{\"@context\":\"https:\\\/\\\/schema.org\",\"@graph\":[{\"@type\":\"WebPage\",\"@id\":\"https:\\\/\\\/noktahome.com\\\/product\\\/dukha-berjer\\\/\",\"url\":\"https:\\\/\\\/noktahome.com\\\/product\\\/dukha-berjer\\\/\",\"name\":\"Dukha Berjer - noktahome.com\",\"isPartOf\":{\"@id\":\"https:\\\/\\\/noktahome.com\\\/#website\"},\"primaryImageOfPage\":{\"@id\":\"https:\\\/\\\/noktahome.com\\\/product\\\/dukha-berjer\\\/#primaryimage\"},\"image\":{\"@id\":\"https:\\\/\\\/noktahome.com\\\/product\\\/dukha-berjer\\\/#primaryimage\"},\"thumbnailUrl\":\"https:\\\/\\\/noktahome.com\\\/wp-content\\\/uploads\\\/2021\\\/07\\\/dukha-koltuk-takimi-7.jpg\",\"datePublished\":\"2025-07-25T12:43:04+00:00\",\"dateModified\":\"2025-12-02T12:33:44+00:00\",\"breadcrumb\":{\"@id\":\"https:\\\/\\\/noktahome.com\\\/product\\\/dukha-berjer\\\/#breadcrumb\"},\"inLanguage\":\"en-US\",\"potentialAction\":[{\"@type\":\"ReadAction\",\"target\":[\"https:\\\/\\\/noktahome.com\\\/product\\\/dukha-berjer\\\/\"]}]},{\"@type\":\"ImageObject\",\"inLanguage\":\"en-US\",\"@id\":\"https:\\\/\\\/noktahome.com\\\/product\\\/dukha-berjer\\\/#primaryimage\",\"url\":\"https:\\\/\\\/noktahome.com\\\/wp-content\\\/uploads\\\/2021\\\/07\\\/dukha-koltuk-takimi-7.jpg\",\"contentUrl\":\"https:\\\/\\\/noktahome.com\\\/wp-content\\\/uploads\\\/2021\\\/07\\\/dukha-koltuk-takimi-7.jpg\",\"width\":1920,\"height\":1280},{\"@type\":\"BreadcrumbList\",\"@id\":\"https:\\\/\\\/noktahome.com\\\/product\\\/dukha-berjer\\\/#breadcrumb\",\"itemListElement\":[{\"@type\":\"ListItem\",\"position\":1,\"name\":\"Anasayfa\",\"item\":\"https:\\\/\\\/noktahome.com\\\/\"},{\"@type\":\"ListItem\",\"position\":2,\"name\":\"Ma\u011faza\",\"item\":\"https:\\\/\\\/noktahome.com\\\/magaza\\\/\"},{\"@type\":\"ListItem\",\"position\":3,\"name\":\"Dukha Berjer\"}]},{\"@type\":\"WebSite\",\"@id\":\"https:\\\/\\\/noktahome.com\\\/#website\",\"url\":\"https:\\\/\\\/noktahome.com\\\/\",\"name\":\"noktahome.com\",\"description\":\"Evine Bir Nokta Koy.\",\"publisher\":{\"@id\":\"https:\\\/\\\/noktahome.com\\\/#organization\"},\"potentialAction\":[{\"@type\":\"SearchAction\",\"target\":{\"@type\":\"EntryPoint\",\"urlTemplate\":\"https:\\\/\\\/noktahome.com\\\/?s={search_term_string}\"},\"query-input\":{\"@type\":\"PropertyValueSpecification\",\"valueRequired\":true,\"valueName\":\"search_term_string\"}}],\"inLanguage\":\"en-US\"},{\"@type\":\"Organization\",\"@id\":\"https:\\\/\\\/noktahome.com\\\/#organization\",\"name\":\"Nokta Home\",\"alternateName\":\"Nokta Home\",\"url\":\"https:\\\/\\\/noktahome.com\\\/\",\"logo\":{\"@type\":\"ImageObject\",\"inLanguage\":\"en-US\",\"@id\":\"https:\\\/\\\/noktahome.com\\\/#\\\/schema\\\/logo\\\/image\\\/\",\"url\":\"https:\\\/\\\/noktahome.com\\\/wp-content\\\/uploads\\\/2025\\\/07\\\/nokta-home-logo-footer.svg\",\"contentUrl\":\"https:\\\/\\\/noktahome.com\\\/wp-content\\\/uploads\\\/2025\\\/07\\\/nokta-home-logo-footer.svg\",\"width\":1,\"height\":1,\"caption\":\"Nokta Home\"},\"image\":{\"@id\":\"https:\\\/\\\/noktahome.com\\\/#\\\/schema\\\/logo\\\/image\\\/\"},\"sameAs\":[\"https:\\\/\\\/x.com\\\/noktahome\",\"https:\\\/\\\/www.instagram.com\\\/noktahomecom\\\/\",\"https:\\\/\\\/tr.pinterest.com\\\/noktahomecom\\\/\"]}]}<\/script>\n<!-- \/ Yoast SEO plugin. -->","yoast_head_json":{"title":"Dukha Berjer - noktahome.com","robots":{"index":"index","follow":"follow","max-snippet":"max-snippet:-1","max-image-preview":"max-image-preview:large","max-video-preview":"max-video-preview:-1"},"canonical":"https:\/\/noktahome.com\/en\/product\/dukha-berjer\/","og_locale":"en_US","og_type":"article","og_title":"Dukha Berjer - noktahome.com","og_description":"Dukha Koltuk Tak\u0131m\u0131, modern tasar\u0131m\u0131 ve \u00fcst\u00fcn konforu bir araya getirerek ya\u015fam alanlar\u0131n\u0131za s\u0131cak ve davetkar bir atmosfer kat\u0131yor. Yumu\u015fak, boucl\u00e9 kuma\u015f d\u00f6\u015femesi ile dokunsal bir zenginlik sunan bu tak\u0131m, krem renginin dinginli\u011fi ile her t\u00fcrl\u00fc dekorasyon stiline kolayca uyum sa\u011fl\u0131yor.","og_url":"https:\/\/noktahome.com\/en\/product\/dukha-berjer\/","og_site_name":"noktahome.com","article_modified_time":"2025-12-02T12:33:44+00:00","og_image":[{"width":1920,"height":1280,"url":"https:\/\/noktahome.com\/wp-content\/uploads\/2021\/07\/dukha-koltuk-takimi-7.jpg","type":"image\/jpeg"}],"twitter_card":"summary_large_image","twitter_site":"@noktahome","schema":{"@context":"https:\/\/schema.org","@graph":[{"@type":"WebPage","@id":"https:\/\/noktahome.com\/product\/dukha-berjer\/","url":"https:\/\/noktahome.com\/product\/dukha-berjer\/","name":"Dukha Berjer - noktahome.com","isPartOf":{"@id":"https:\/\/noktahome.com\/#website"},"primaryImageOfPage":{"@id":"https:\/\/noktahome.com\/product\/dukha-berjer\/#primaryimage"},"image":{"@id":"https:\/\/noktahome.com\/product\/dukha-berjer\/#primaryimage"},"thumbnailUrl":"https:\/\/noktahome.com\/wp-content\/uploads\/2021\/07\/dukha-koltuk-takimi-7.jpg","datePublished":"2025-07-25T12:43:04+00:00","dateModified":"2025-12-02T12:33:44+00:00","breadcrumb":{"@id":"https:\/\/noktahome.com\/product\/dukha-berjer\/#breadcrumb"},"inLanguage":"en-US","potentialAction":[{"@type":"ReadAction","target":["https:\/\/noktahome.com\/product\/dukha-berjer\/"]}]},{"@type":"ImageObject","inLanguage":"en-US","@id":"https:\/\/noktahome.com\/product\/dukha-berjer\/#primaryimage","url":"https:\/\/noktahome.com\/wp-content\/uploads\/2021\/07\/dukha-koltuk-takimi-7.jpg","contentUrl":"https:\/\/noktahome.com\/wp-content\/uploads\/2021\/07\/dukha-koltuk-takimi-7.jpg","width":1920,"height":1280},{"@type":"BreadcrumbList","@id":"https:\/\/noktahome.com\/product\/dukha-berjer\/#breadcrumb","itemListElement":[{"@type":"ListItem","position":1,"name":"Anasayfa","item":"https:\/\/noktahome.com\/"},{"@type":"ListItem","position":2,"name":"Ma\u011faza","item":"https:\/\/noktahome.com\/magaza\/"},{"@type":"ListItem","position":3,"name":"Dukha Berjer"}]},{"@type":"WebSite","@id":"https:\/\/noktahome.com\/#website","url":"https:\/\/noktahome.com\/","name":"noktahome.com","description":"Evine Bir Nokta Koy.","publisher":{"@id":"https:\/\/noktahome.com\/#organization"},"potentialAction":[{"@type":"SearchAction","target":{"@type":"EntryPoint","urlTemplate":"https:\/\/noktahome.com\/?s={search_term_string}"},"query-input":{"@type":"PropertyValueSpecification","valueRequired":true,"valueName":"search_term_string"}}],"inLanguage":"en-US"},{"@type":"Organization","@id":"https:\/\/noktahome.com\/#organization","name":"Nokta Home","alternateName":"Nokta Home","url":"https:\/\/noktahome.com\/","logo":{"@type":"ImageObject","inLanguage":"en-US","@id":"https:\/\/noktahome.com\/#\/schema\/logo\/image\/","url":"https:\/\/noktahome.com\/wp-content\/uploads\/2025\/07\/nokta-home-logo-footer.svg","contentUrl":"https:\/\/noktahome.com\/wp-content\/uploads\/2025\/07\/nokta-home-logo-footer.svg","width":1,"height":1,"caption":"Nokta Home"},"image":{"@id":"https:\/\/noktahome.com\/#\/schema\/logo\/image\/"},"sameAs":["https:\/\/x.com\/noktahome","https:\/\/www.instagram.com\/noktahomecom\/","https:\/\/tr.pinterest.com\/noktahomecom\/"]}]}},"_links":{"self":[{"href":"https:\/\/noktahome.com\/en\/wp-json\/wp\/v2\/product\/9489","targetHints":{"allow":["GET"]}}],"collection":[{"href":"https:\/\/noktahome.com\/en\/wp-json\/wp\/v2\/product"}],"about":[{"href":"https:\/\/noktahome.com\/en\/wp-json\/wp\/v2\/types\/product"}],"wp:featuredmedia":[{"embeddable":true,"href":"https:\/\/noktahome.com\/en\/wp-json\/wp\/v2\/media\/9454"}],"wp:attachment":[{"href":"https:\/\/noktahome.com\/en\/wp-json\/wp\/v2\/media?parent=9489"}],"wp:term":[{"taxonomy":"product_brand","embeddable":true,"href":"https:\/\/noktahome.com\/en\/wp-json\/wp\/v2\/product_brand?post=9489"},{"taxonomy":"product_cat","embeddable":true,"href":"https:\/\/noktahome.com\/en\/wp-json\/wp\/v2\/product_cat?post=9489"},{"taxonomy":"product_tag","embeddable":true,"href":"https:\/\/noktahome.com\/en\/wp-json\/wp\/v2\/product_tag?post=9489"}],"curies":[{"name":"wp","href":"https:\/\/api.w.org\/{rel}","templated":true}]}}