{"id":9488,"date":"2025-07-25T12:42:22","date_gmt":"2025-07-25T12:42:22","guid":{"rendered":"https:\/\/noktahome.com\/?post_type=product&#038;p=9488"},"modified":"2026-02-23T10:44:25","modified_gmt":"2026-02-23T10:44:25","slug":"dukha-orta-sehpa","status":"publish","type":"product","link":"https:\/\/noktahome.com\/en\/product\/dukha-orta-sehpa\/","title":{"rendered":"Dukha Orta Sehpa"},"content":{"rendered":"<div class=\"wpb-content-wrapper\"><div class=\"vc_row wpb_row vc_row-fluid\"><div class=\"wpb_column vc_column_container vc_col-sm-12\"><div class=\"vc_column-inner\"><div class=\"wpb_wrapper\">\n\t<div class=\"wpb_text_column wpb_content_element\" >\n\t\t<div class=\"wpb_wrapper\">\n\t\t\t<div class=\"table_component\" tabindex=\"0\" role=\"region\">\n<table>\n<tbody>\n<tr>\n<td>\u00dcst Tabla Rengi<\/td>\n<td>Rota<\/td>\n<\/tr>\n<tr>\n<td>\u00dcst Tabla Malzeme<\/td>\n<td>Suntalam<\/td>\n<\/tr>\n<tr>\n<td>Ayak Malzemesi<\/td>\n<td>Suntalam<\/td>\n<\/tr>\n<tr>\n<td>Ayak Rengi<\/td>\n<td>Traverten Desen<\/td>\n<\/tr>\n<\/tbody>\n<\/table>\n<\/div>\n\n\t\t<\/div>\n\t<\/div>\n<\/div><\/div><\/div><\/div>\n<\/div>","protected":false},"excerpt":{"rendered":"<p><strong>Dukha Koltuk Tak\u0131m\u0131<\/strong>, modern tasar\u0131m\u0131 ve \u00fcst\u00fcn konforu bir araya getirerek ya\u015fam alanlar\u0131n\u0131za s\u0131cak ve davetkar bir atmosfer kat\u0131yor. Yumu\u015fak, boucl\u00e9 kuma\u015f d\u00f6\u015femesi ile dokunsal bir zenginlik sunan bu tak\u0131m, krem renginin dinginli\u011fi ile her t\u00fcrl\u00fc dekorasyon stiline kolayca uyum sa\u011fl\u0131yor.<\/p>","protected":false},"featured_media":9466,"template":"","meta":[],"product_brand":[],"product_cat":[89,90,21],"product_tag":[],"class_list":{"0":"post-9488","1":"product","2":"type-product","3":"status-publish","4":"has-post-thumbnail","6":"product_cat-aksesuar","7":"product_cat-orta-sehpa","8":"product_cat-tum-urunler","10":"first","11":"instock","12":"shipping-taxable","13":"purchasable","14":"product-type-simple"},"yoast_head":"<!-- This site is optimized with the Yoast SEO plugin v27.3 - https:\/\/yoast.com\/product\/yoast-seo-wordpress\/ -->\n<title>Dukha Orta Sehpa - noktahome.com<\/title>\n<meta name=\"robots\" content=\"index, follow, max-snippet:-1, max-image-preview:large, max-video-preview:-1\" \/>\n<link rel=\"canonical\" href=\"https:\/\/noktahome.com\/en\/product\/dukha-orta-sehpa\/\" \/>\n<meta property=\"og:locale\" content=\"en_US\" \/>\n<meta property=\"og:type\" content=\"article\" \/>\n<meta property=\"og:title\" content=\"Dukha Orta Sehpa - noktahome.com\" \/>\n<meta property=\"og:description\" content=\"Dukha Koltuk Tak\u0131m\u0131, modern tasar\u0131m\u0131 ve \u00fcst\u00fcn konforu bir araya getirerek ya\u015fam alanlar\u0131n\u0131za s\u0131cak ve davetkar bir atmosfer kat\u0131yor. Yumu\u015fak, boucl\u00e9 kuma\u015f d\u00f6\u015femesi ile dokunsal bir zenginlik sunan bu tak\u0131m, krem renginin dinginli\u011fi ile her t\u00fcrl\u00fc dekorasyon stiline kolayca uyum sa\u011fl\u0131yor.\" \/>\n<meta property=\"og:url\" content=\"https:\/\/noktahome.com\/en\/product\/dukha-orta-sehpa\/\" \/>\n<meta property=\"og:site_name\" content=\"noktahome.com\" \/>\n<meta property=\"article:modified_time\" content=\"2026-02-23T10:44:25+00:00\" \/>\n<meta property=\"og:image\" content=\"https:\/\/noktahome.com\/wp-content\/uploads\/2021\/07\/dukha-koltuk-takimi-19.jpg\" \/>\n\t<meta property=\"og:image:width\" content=\"1920\" \/>\n\t<meta property=\"og:image:height\" content=\"1280\" \/>\n\t<meta property=\"og:image:type\" content=\"image\/jpeg\" \/>\n<meta name=\"twitter:card\" content=\"summary_large_image\" \/>\n<meta name=\"twitter:site\" content=\"@noktahome\" \/>\n<meta name=\"twitter:label1\" content=\"Est. reading time\" \/>\n\t<meta name=\"twitter:data1\" content=\"1 minute\" \/>\n<script type=\"application\/ld+json\" class=\"yoast-schema-graph\">{\"@context\":\"https:\\\/\\\/schema.org\",\"@graph\":[{\"@type\":\"WebPage\",\"@id\":\"https:\\\/\\\/noktahome.com\\\/product\\\/dukha-orta-sehpa\\\/\",\"url\":\"https:\\\/\\\/noktahome.com\\\/product\\\/dukha-orta-sehpa\\\/\",\"name\":\"Dukha Orta Sehpa - noktahome.com\",\"isPartOf\":{\"@id\":\"https:\\\/\\\/noktahome.com\\\/#website\"},\"primaryImageOfPage\":{\"@id\":\"https:\\\/\\\/noktahome.com\\\/product\\\/dukha-orta-sehpa\\\/#primaryimage\"},\"image\":{\"@id\":\"https:\\\/\\\/noktahome.com\\\/product\\\/dukha-orta-sehpa\\\/#primaryimage\"},\"thumbnailUrl\":\"https:\\\/\\\/noktahome.com\\\/wp-content\\\/uploads\\\/2021\\\/07\\\/dukha-koltuk-takimi-19.jpg\",\"datePublished\":\"2025-07-25T12:42:22+00:00\",\"dateModified\":\"2026-02-23T10:44:25+00:00\",\"breadcrumb\":{\"@id\":\"https:\\\/\\\/noktahome.com\\\/product\\\/dukha-orta-sehpa\\\/#breadcrumb\"},\"inLanguage\":\"en-US\",\"potentialAction\":[{\"@type\":\"ReadAction\",\"target\":[\"https:\\\/\\\/noktahome.com\\\/product\\\/dukha-orta-sehpa\\\/\"]}]},{\"@type\":\"ImageObject\",\"inLanguage\":\"en-US\",\"@id\":\"https:\\\/\\\/noktahome.com\\\/product\\\/dukha-orta-sehpa\\\/#primaryimage\",\"url\":\"https:\\\/\\\/noktahome.com\\\/wp-content\\\/uploads\\\/2021\\\/07\\\/dukha-koltuk-takimi-19.jpg\",\"contentUrl\":\"https:\\\/\\\/noktahome.com\\\/wp-content\\\/uploads\\\/2021\\\/07\\\/dukha-koltuk-takimi-19.jpg\",\"width\":1920,\"height\":1280},{\"@type\":\"BreadcrumbList\",\"@id\":\"https:\\\/\\\/noktahome.com\\\/product\\\/dukha-orta-sehpa\\\/#breadcrumb\",\"itemListElement\":[{\"@type\":\"ListItem\",\"position\":1,\"name\":\"Anasayfa\",\"item\":\"https:\\\/\\\/noktahome.com\\\/\"},{\"@type\":\"ListItem\",\"position\":2,\"name\":\"Ma\u011faza\",\"item\":\"https:\\\/\\\/noktahome.com\\\/magaza\\\/\"},{\"@type\":\"ListItem\",\"position\":3,\"name\":\"Dukha Orta Sehpa\"}]},{\"@type\":\"WebSite\",\"@id\":\"https:\\\/\\\/noktahome.com\\\/#website\",\"url\":\"https:\\\/\\\/noktahome.com\\\/\",\"name\":\"noktahome.com\",\"description\":\"Evine Bir Nokta Koy.\",\"publisher\":{\"@id\":\"https:\\\/\\\/noktahome.com\\\/#organization\"},\"potentialAction\":[{\"@type\":\"SearchAction\",\"target\":{\"@type\":\"EntryPoint\",\"urlTemplate\":\"https:\\\/\\\/noktahome.com\\\/?s={search_term_string}\"},\"query-input\":{\"@type\":\"PropertyValueSpecification\",\"valueRequired\":true,\"valueName\":\"search_term_string\"}}],\"inLanguage\":\"en-US\"},{\"@type\":\"Organization\",\"@id\":\"https:\\\/\\\/noktahome.com\\\/#organization\",\"name\":\"Nokta Home\",\"alternateName\":\"Nokta Home\",\"url\":\"https:\\\/\\\/noktahome.com\\\/\",\"logo\":{\"@type\":\"ImageObject\",\"inLanguage\":\"en-US\",\"@id\":\"https:\\\/\\\/noktahome.com\\\/#\\\/schema\\\/logo\\\/image\\\/\",\"url\":\"https:\\\/\\\/noktahome.com\\\/wp-content\\\/uploads\\\/2025\\\/07\\\/nokta-home-logo-footer.svg\",\"contentUrl\":\"https:\\\/\\\/noktahome.com\\\/wp-content\\\/uploads\\\/2025\\\/07\\\/nokta-home-logo-footer.svg\",\"width\":1,\"height\":1,\"caption\":\"Nokta Home\"},\"image\":{\"@id\":\"https:\\\/\\\/noktahome.com\\\/#\\\/schema\\\/logo\\\/image\\\/\"},\"sameAs\":[\"https:\\\/\\\/x.com\\\/noktahome\",\"https:\\\/\\\/www.instagram.com\\\/noktahomecom\\\/\",\"https:\\\/\\\/tr.pinterest.com\\\/noktahomecom\\\/\"]}]}<\/script>\n<!-- \/ Yoast SEO plugin. -->","yoast_head_json":{"title":"Dukha Orta Sehpa - noktahome.com","robots":{"index":"index","follow":"follow","max-snippet":"max-snippet:-1","max-image-preview":"max-image-preview:large","max-video-preview":"max-video-preview:-1"},"canonical":"https:\/\/noktahome.com\/en\/product\/dukha-orta-sehpa\/","og_locale":"en_US","og_type":"article","og_title":"Dukha Orta Sehpa - noktahome.com","og_description":"Dukha Koltuk Tak\u0131m\u0131, modern tasar\u0131m\u0131 ve \u00fcst\u00fcn konforu bir araya getirerek ya\u015fam alanlar\u0131n\u0131za s\u0131cak ve davetkar bir atmosfer kat\u0131yor. Yumu\u015fak, boucl\u00e9 kuma\u015f d\u00f6\u015femesi ile dokunsal bir zenginlik sunan bu tak\u0131m, krem renginin dinginli\u011fi ile her t\u00fcrl\u00fc dekorasyon stiline kolayca uyum sa\u011fl\u0131yor.","og_url":"https:\/\/noktahome.com\/en\/product\/dukha-orta-sehpa\/","og_site_name":"noktahome.com","article_modified_time":"2026-02-23T10:44:25+00:00","og_image":[{"width":1920,"height":1280,"url":"https:\/\/noktahome.com\/wp-content\/uploads\/2021\/07\/dukha-koltuk-takimi-19.jpg","type":"image\/jpeg"}],"twitter_card":"summary_large_image","twitter_site":"@noktahome","twitter_misc":{"Est. reading time":"1 minute"},"schema":{"@context":"https:\/\/schema.org","@graph":[{"@type":"WebPage","@id":"https:\/\/noktahome.com\/product\/dukha-orta-sehpa\/","url":"https:\/\/noktahome.com\/product\/dukha-orta-sehpa\/","name":"Dukha Orta Sehpa - noktahome.com","isPartOf":{"@id":"https:\/\/noktahome.com\/#website"},"primaryImageOfPage":{"@id":"https:\/\/noktahome.com\/product\/dukha-orta-sehpa\/#primaryimage"},"image":{"@id":"https:\/\/noktahome.com\/product\/dukha-orta-sehpa\/#primaryimage"},"thumbnailUrl":"https:\/\/noktahome.com\/wp-content\/uploads\/2021\/07\/dukha-koltuk-takimi-19.jpg","datePublished":"2025-07-25T12:42:22+00:00","dateModified":"2026-02-23T10:44:25+00:00","breadcrumb":{"@id":"https:\/\/noktahome.com\/product\/dukha-orta-sehpa\/#breadcrumb"},"inLanguage":"en-US","potentialAction":[{"@type":"ReadAction","target":["https:\/\/noktahome.com\/product\/dukha-orta-sehpa\/"]}]},{"@type":"ImageObject","inLanguage":"en-US","@id":"https:\/\/noktahome.com\/product\/dukha-orta-sehpa\/#primaryimage","url":"https:\/\/noktahome.com\/wp-content\/uploads\/2021\/07\/dukha-koltuk-takimi-19.jpg","contentUrl":"https:\/\/noktahome.com\/wp-content\/uploads\/2021\/07\/dukha-koltuk-takimi-19.jpg","width":1920,"height":1280},{"@type":"BreadcrumbList","@id":"https:\/\/noktahome.com\/product\/dukha-orta-sehpa\/#breadcrumb","itemListElement":[{"@type":"ListItem","position":1,"name":"Anasayfa","item":"https:\/\/noktahome.com\/"},{"@type":"ListItem","position":2,"name":"Ma\u011faza","item":"https:\/\/noktahome.com\/magaza\/"},{"@type":"ListItem","position":3,"name":"Dukha Orta Sehpa"}]},{"@type":"WebSite","@id":"https:\/\/noktahome.com\/#website","url":"https:\/\/noktahome.com\/","name":"noktahome.com","description":"Evine Bir Nokta Koy.","publisher":{"@id":"https:\/\/noktahome.com\/#organization"},"potentialAction":[{"@type":"SearchAction","target":{"@type":"EntryPoint","urlTemplate":"https:\/\/noktahome.com\/?s={search_term_string}"},"query-input":{"@type":"PropertyValueSpecification","valueRequired":true,"valueName":"search_term_string"}}],"inLanguage":"en-US"},{"@type":"Organization","@id":"https:\/\/noktahome.com\/#organization","name":"Nokta Home","alternateName":"Nokta Home","url":"https:\/\/noktahome.com\/","logo":{"@type":"ImageObject","inLanguage":"en-US","@id":"https:\/\/noktahome.com\/#\/schema\/logo\/image\/","url":"https:\/\/noktahome.com\/wp-content\/uploads\/2025\/07\/nokta-home-logo-footer.svg","contentUrl":"https:\/\/noktahome.com\/wp-content\/uploads\/2025\/07\/nokta-home-logo-footer.svg","width":1,"height":1,"caption":"Nokta Home"},"image":{"@id":"https:\/\/noktahome.com\/#\/schema\/logo\/image\/"},"sameAs":["https:\/\/x.com\/noktahome","https:\/\/www.instagram.com\/noktahomecom\/","https:\/\/tr.pinterest.com\/noktahomecom\/"]}]}},"_links":{"self":[{"href":"https:\/\/noktahome.com\/en\/wp-json\/wp\/v2\/product\/9488","targetHints":{"allow":["GET"]}}],"collection":[{"href":"https:\/\/noktahome.com\/en\/wp-json\/wp\/v2\/product"}],"about":[{"href":"https:\/\/noktahome.com\/en\/wp-json\/wp\/v2\/types\/product"}],"wp:featuredmedia":[{"embeddable":true,"href":"https:\/\/noktahome.com\/en\/wp-json\/wp\/v2\/media\/9466"}],"wp:attachment":[{"href":"https:\/\/noktahome.com\/en\/wp-json\/wp\/v2\/media?parent=9488"}],"wp:term":[{"taxonomy":"product_brand","embeddable":true,"href":"https:\/\/noktahome.com\/en\/wp-json\/wp\/v2\/product_brand?post=9488"},{"taxonomy":"product_cat","embeddable":true,"href":"https:\/\/noktahome.com\/en\/wp-json\/wp\/v2\/product_cat?post=9488"},{"taxonomy":"product_tag","embeddable":true,"href":"https:\/\/noktahome.com\/en\/wp-json\/wp\/v2\/product_tag?post=9488"}],"curies":[{"name":"wp","href":"https:\/\/api.w.org\/{rel}","templated":true}]}}