{"id":10268,"date":"2025-09-10T13:12:23","date_gmt":"2025-09-10T13:12:23","guid":{"rendered":"https:\/\/noktahome.com\/?post_type=product&#038;p=10268"},"modified":"2026-01-17T20:49:11","modified_gmt":"2026-01-17T20:49:11","slug":"city-konsol","status":"publish","type":"product","link":"https:\/\/noktahome.com\/en\/product\/city-konsol\/","title":{"rendered":"City Konsol"},"content":{"rendered":"<div class=\"wpb-content-wrapper\"><div class=\"vc_row wpb_row vc_row-fluid\"><div class=\"wpb_column vc_column_container vc_col-sm-12\"><div class=\"vc_column-inner\"><div class=\"wpb_wrapper\">\n\t<div class=\"wpb_text_column wpb_content_element\" >\n\t\t<div class=\"wpb_wrapper\">\n\t\t\t<div class=\"table_component\" tabindex=\"0\" role=\"region\">\n<table>\n<tbody>\n<tr>\n<td>Renk<\/td>\n<td>Beyaz ve Gold<\/td>\n<\/tr>\n<tr>\n<td>Malzeme<\/td>\n<td>Suntalam<\/td>\n<\/tr>\n<tr>\n<td>Ayak Malzemesi<\/td>\n<td>Metal<\/td>\n<\/tr>\n<tr>\n<td>Ayak Rengi<\/td>\n<td>Gold<\/td>\n<\/tr>\n<tr>\n<td>Fonksiyon<\/td>\n<td>\u00d6zel Tasar\u0131m Ayna ve Kapakl\u0131 Dolap Mod\u00fcl\u00fcnden Olu\u015fmaktad\u0131r<\/td>\n<\/tr>\n<\/tbody>\n<\/table>\n<\/div>\n\n\t\t<\/div>\n\t<\/div>\n<\/div><\/div><\/div><\/div>\n<\/div>","protected":false},"excerpt":{"rendered":"Renk Beyaz ve Gold Malzeme Suntalam Ayak Malzemesi Metal Ayak Rengi Gold Fonksiyon \u00d6zel Tasar\u0131m Ayna ve Kapakl\u0131 Dolap Mod\u00fcl\u00fcnden","protected":false},"featured_media":10269,"template":"","meta":[],"product_brand":[],"product_cat":[80,21,76],"product_tag":[],"class_list":{"0":"post-10268","1":"product","2":"type-product","3":"status-publish","4":"has-post-thumbnail","6":"product_cat-konsol","7":"product_cat-tum-urunler","8":"product_cat-yemek-odasi","10":"first","11":"instock","12":"shipping-taxable","13":"purchasable","14":"product-type-simple"},"yoast_head":"<!-- This site is optimized with the Yoast SEO plugin v27.3 - https:\/\/yoast.com\/product\/yoast-seo-wordpress\/ -->\n<title>City Konsol - noktahome.com<\/title>\n<meta name=\"robots\" content=\"index, follow, max-snippet:-1, max-image-preview:large, max-video-preview:-1\" \/>\n<link rel=\"canonical\" href=\"https:\/\/noktahome.com\/en\/product\/city-konsol\/\" \/>\n<meta property=\"og:locale\" content=\"en_US\" \/>\n<meta property=\"og:type\" content=\"article\" \/>\n<meta property=\"og:title\" content=\"City Konsol - noktahome.com\" \/>\n<meta property=\"og:url\" content=\"https:\/\/noktahome.com\/en\/product\/city-konsol\/\" \/>\n<meta property=\"og:site_name\" content=\"noktahome.com\" \/>\n<meta property=\"article:modified_time\" content=\"2026-01-17T20:49:11+00:00\" \/>\n<meta property=\"og:image\" content=\"https:\/\/noktahome.com\/wp-content\/uploads\/2025\/09\/city-yemek-odasi-18.jpg\" \/>\n\t<meta property=\"og:image:width\" content=\"1920\" \/>\n\t<meta property=\"og:image:height\" content=\"1280\" \/>\n\t<meta property=\"og:image:type\" content=\"image\/jpeg\" \/>\n<meta name=\"twitter:card\" content=\"summary_large_image\" \/>\n<meta name=\"twitter:site\" content=\"@noktahome\" \/>\n<meta name=\"twitter:label1\" content=\"Est. reading time\" \/>\n\t<meta name=\"twitter:data1\" content=\"1 minute\" \/>\n<script type=\"application\/ld+json\" class=\"yoast-schema-graph\">{\"@context\":\"https:\\\/\\\/schema.org\",\"@graph\":[{\"@type\":\"WebPage\",\"@id\":\"https:\\\/\\\/noktahome.com\\\/product\\\/city-konsol\\\/\",\"url\":\"https:\\\/\\\/noktahome.com\\\/product\\\/city-konsol\\\/\",\"name\":\"City Konsol - noktahome.com\",\"isPartOf\":{\"@id\":\"https:\\\/\\\/noktahome.com\\\/#website\"},\"primaryImageOfPage\":{\"@id\":\"https:\\\/\\\/noktahome.com\\\/product\\\/city-konsol\\\/#primaryimage\"},\"image\":{\"@id\":\"https:\\\/\\\/noktahome.com\\\/product\\\/city-konsol\\\/#primaryimage\"},\"thumbnailUrl\":\"https:\\\/\\\/noktahome.com\\\/wp-content\\\/uploads\\\/2025\\\/09\\\/city-yemek-odasi-18.jpg\",\"datePublished\":\"2025-09-10T13:12:23+00:00\",\"dateModified\":\"2026-01-17T20:49:11+00:00\",\"breadcrumb\":{\"@id\":\"https:\\\/\\\/noktahome.com\\\/product\\\/city-konsol\\\/#breadcrumb\"},\"inLanguage\":\"en-US\",\"potentialAction\":[{\"@type\":\"ReadAction\",\"target\":[\"https:\\\/\\\/noktahome.com\\\/product\\\/city-konsol\\\/\"]}]},{\"@type\":\"ImageObject\",\"inLanguage\":\"en-US\",\"@id\":\"https:\\\/\\\/noktahome.com\\\/product\\\/city-konsol\\\/#primaryimage\",\"url\":\"https:\\\/\\\/noktahome.com\\\/wp-content\\\/uploads\\\/2025\\\/09\\\/city-yemek-odasi-18.jpg\",\"contentUrl\":\"https:\\\/\\\/noktahome.com\\\/wp-content\\\/uploads\\\/2025\\\/09\\\/city-yemek-odasi-18.jpg\",\"width\":1920,\"height\":1280},{\"@type\":\"BreadcrumbList\",\"@id\":\"https:\\\/\\\/noktahome.com\\\/product\\\/city-konsol\\\/#breadcrumb\",\"itemListElement\":[{\"@type\":\"ListItem\",\"position\":1,\"name\":\"Anasayfa\",\"item\":\"https:\\\/\\\/noktahome.com\\\/\"},{\"@type\":\"ListItem\",\"position\":2,\"name\":\"Ma\u011faza\",\"item\":\"https:\\\/\\\/noktahome.com\\\/magaza\\\/\"},{\"@type\":\"ListItem\",\"position\":3,\"name\":\"City Konsol\"}]},{\"@type\":\"WebSite\",\"@id\":\"https:\\\/\\\/noktahome.com\\\/#website\",\"url\":\"https:\\\/\\\/noktahome.com\\\/\",\"name\":\"noktahome.com\",\"description\":\"Evine Bir Nokta Koy.\",\"publisher\":{\"@id\":\"https:\\\/\\\/noktahome.com\\\/#organization\"},\"potentialAction\":[{\"@type\":\"SearchAction\",\"target\":{\"@type\":\"EntryPoint\",\"urlTemplate\":\"https:\\\/\\\/noktahome.com\\\/?s={search_term_string}\"},\"query-input\":{\"@type\":\"PropertyValueSpecification\",\"valueRequired\":true,\"valueName\":\"search_term_string\"}}],\"inLanguage\":\"en-US\"},{\"@type\":\"Organization\",\"@id\":\"https:\\\/\\\/noktahome.com\\\/#organization\",\"name\":\"Nokta Home\",\"alternateName\":\"Nokta Home\",\"url\":\"https:\\\/\\\/noktahome.com\\\/\",\"logo\":{\"@type\":\"ImageObject\",\"inLanguage\":\"en-US\",\"@id\":\"https:\\\/\\\/noktahome.com\\\/#\\\/schema\\\/logo\\\/image\\\/\",\"url\":\"https:\\\/\\\/noktahome.com\\\/wp-content\\\/uploads\\\/2025\\\/07\\\/nokta-home-logo-footer.svg\",\"contentUrl\":\"https:\\\/\\\/noktahome.com\\\/wp-content\\\/uploads\\\/2025\\\/07\\\/nokta-home-logo-footer.svg\",\"width\":1,\"height\":1,\"caption\":\"Nokta Home\"},\"image\":{\"@id\":\"https:\\\/\\\/noktahome.com\\\/#\\\/schema\\\/logo\\\/image\\\/\"},\"sameAs\":[\"https:\\\/\\\/x.com\\\/noktahome\",\"https:\\\/\\\/www.instagram.com\\\/noktahomecom\\\/\",\"https:\\\/\\\/tr.pinterest.com\\\/noktahomecom\\\/\"]}]}<\/script>\n<!-- \/ Yoast SEO plugin. -->","yoast_head_json":{"title":"City Konsol - noktahome.com","robots":{"index":"index","follow":"follow","max-snippet":"max-snippet:-1","max-image-preview":"max-image-preview:large","max-video-preview":"max-video-preview:-1"},"canonical":"https:\/\/noktahome.com\/en\/product\/city-konsol\/","og_locale":"en_US","og_type":"article","og_title":"City Konsol - noktahome.com","og_url":"https:\/\/noktahome.com\/en\/product\/city-konsol\/","og_site_name":"noktahome.com","article_modified_time":"2026-01-17T20:49:11+00:00","og_image":[{"width":1920,"height":1280,"url":"https:\/\/noktahome.com\/wp-content\/uploads\/2025\/09\/city-yemek-odasi-18.jpg","type":"image\/jpeg"}],"twitter_card":"summary_large_image","twitter_site":"@noktahome","twitter_misc":{"Est. reading time":"1 minute"},"schema":{"@context":"https:\/\/schema.org","@graph":[{"@type":"WebPage","@id":"https:\/\/noktahome.com\/product\/city-konsol\/","url":"https:\/\/noktahome.com\/product\/city-konsol\/","name":"City Konsol - noktahome.com","isPartOf":{"@id":"https:\/\/noktahome.com\/#website"},"primaryImageOfPage":{"@id":"https:\/\/noktahome.com\/product\/city-konsol\/#primaryimage"},"image":{"@id":"https:\/\/noktahome.com\/product\/city-konsol\/#primaryimage"},"thumbnailUrl":"https:\/\/noktahome.com\/wp-content\/uploads\/2025\/09\/city-yemek-odasi-18.jpg","datePublished":"2025-09-10T13:12:23+00:00","dateModified":"2026-01-17T20:49:11+00:00","breadcrumb":{"@id":"https:\/\/noktahome.com\/product\/city-konsol\/#breadcrumb"},"inLanguage":"en-US","potentialAction":[{"@type":"ReadAction","target":["https:\/\/noktahome.com\/product\/city-konsol\/"]}]},{"@type":"ImageObject","inLanguage":"en-US","@id":"https:\/\/noktahome.com\/product\/city-konsol\/#primaryimage","url":"https:\/\/noktahome.com\/wp-content\/uploads\/2025\/09\/city-yemek-odasi-18.jpg","contentUrl":"https:\/\/noktahome.com\/wp-content\/uploads\/2025\/09\/city-yemek-odasi-18.jpg","width":1920,"height":1280},{"@type":"BreadcrumbList","@id":"https:\/\/noktahome.com\/product\/city-konsol\/#breadcrumb","itemListElement":[{"@type":"ListItem","position":1,"name":"Anasayfa","item":"https:\/\/noktahome.com\/"},{"@type":"ListItem","position":2,"name":"Ma\u011faza","item":"https:\/\/noktahome.com\/magaza\/"},{"@type":"ListItem","position":3,"name":"City Konsol"}]},{"@type":"WebSite","@id":"https:\/\/noktahome.com\/#website","url":"https:\/\/noktahome.com\/","name":"noktahome.com","description":"Evine Bir Nokta Koy.","publisher":{"@id":"https:\/\/noktahome.com\/#organization"},"potentialAction":[{"@type":"SearchAction","target":{"@type":"EntryPoint","urlTemplate":"https:\/\/noktahome.com\/?s={search_term_string}"},"query-input":{"@type":"PropertyValueSpecification","valueRequired":true,"valueName":"search_term_string"}}],"inLanguage":"en-US"},{"@type":"Organization","@id":"https:\/\/noktahome.com\/#organization","name":"Nokta Home","alternateName":"Nokta Home","url":"https:\/\/noktahome.com\/","logo":{"@type":"ImageObject","inLanguage":"en-US","@id":"https:\/\/noktahome.com\/#\/schema\/logo\/image\/","url":"https:\/\/noktahome.com\/wp-content\/uploads\/2025\/07\/nokta-home-logo-footer.svg","contentUrl":"https:\/\/noktahome.com\/wp-content\/uploads\/2025\/07\/nokta-home-logo-footer.svg","width":1,"height":1,"caption":"Nokta Home"},"image":{"@id":"https:\/\/noktahome.com\/#\/schema\/logo\/image\/"},"sameAs":["https:\/\/x.com\/noktahome","https:\/\/www.instagram.com\/noktahomecom\/","https:\/\/tr.pinterest.com\/noktahomecom\/"]}]}},"_links":{"self":[{"href":"https:\/\/noktahome.com\/en\/wp-json\/wp\/v2\/product\/10268","targetHints":{"allow":["GET"]}}],"collection":[{"href":"https:\/\/noktahome.com\/en\/wp-json\/wp\/v2\/product"}],"about":[{"href":"https:\/\/noktahome.com\/en\/wp-json\/wp\/v2\/types\/product"}],"wp:featuredmedia":[{"embeddable":true,"href":"https:\/\/noktahome.com\/en\/wp-json\/wp\/v2\/media\/10269"}],"wp:attachment":[{"href":"https:\/\/noktahome.com\/en\/wp-json\/wp\/v2\/media?parent=10268"}],"wp:term":[{"taxonomy":"product_brand","embeddable":true,"href":"https:\/\/noktahome.com\/en\/wp-json\/wp\/v2\/product_brand?post=10268"},{"taxonomy":"product_cat","embeddable":true,"href":"https:\/\/noktahome.com\/en\/wp-json\/wp\/v2\/product_cat?post=10268"},{"taxonomy":"product_tag","embeddable":true,"href":"https:\/\/noktahome.com\/en\/wp-json\/wp\/v2\/product_tag?post=10268"}],"curies":[{"name":"wp","href":"https:\/\/api.w.org\/{rel}","templated":true}]}}