{"id":9846,"date":"2025-08-12T08:27:22","date_gmt":"2025-08-12T08:27:22","guid":{"rendered":"https:\/\/noktahome.com\/?page_id=9846"},"modified":"2025-08-12T08:27:22","modified_gmt":"2025-08-12T08:27:22","slug":"uyelik-sozlesmesi","status":"publish","type":"page","link":"https:\/\/noktahome.com\/en\/uyelik-sozlesmesi\/","title":{"rendered":"\u00dcyelik S\u00f6zle\u015fmesi"},"content":{"rendered":"<div class=\"wpb-content-wrapper\"><div class=\"vc_row wpb_row vc_row-fluid\"><div class=\"wpb_column vc_column_container vc_col-sm-12\"><div class=\"vc_column-inner\"><div class=\"wpb_wrapper\">\t\t<div id=\"wd-689afa01b7fe3\" class=\"wd-text-block wd-wpb reset-last-child wd-rs-689afa01b7fe3 text-left\">\n\t\t\t<div class=\"entrance-text\">Noktahome.com (&#8220;Web Sitesi&#8221;) girmeniz ya da bu web sitesi&#8217;ndeki herhangi bir bilgiyi kullanman\u0131z durumunda a\u015fa\u011f\u0131daki ko\u015fullar\u0131 kabul etti\u011finiz kabul edilir.<\/div>\n<ol>\n<li>Noktahome.com NOKTA HOME. (\u201cNokta Home\u201d) taraf\u0131ndan yay\u0131mlanan on-line bir al\u0131\u015fveri\u015f sitesidir.<\/li>\n<li>Kullan\u0131c\u0131 Web Sitesi&#8217;nden yararland\u0131\u011f\u0131 s\u0131rada, vermi\u015f oldu\u011fu bilgilerin do\u011fru oldu\u011funu ve bu bilgilerin gerekli oldu\u011funu, \u015fifre unutma, \u00fcr\u00fcn g\u00f6nderimi s\u0131ras\u0131nda adresin hatal\u0131 verilmesi, fatura adresinin hatal\u0131 verilmesi gibi nedenlerden kaynaklanan aksakl\u0131klar s\u00f6z konusu oldu\u011funda kendisi taraf\u0131ndan verilen bilginin hatal\u0131 veya noksan olmas\u0131ndan do\u011facak zararlardan dolay\u0131 sorumlulu\u011fun kendisine ait oldu\u011funu ve bu hallerde \u00fcyeli\u011finin sona erdirildi\u011fini kabul eder.<\/li>\n<li>Nokta Home, i\u015fbu Web Sitesi ve uzant\u0131s\u0131nda mevcut her t\u00fcr hizmet, \u00fcr\u00fcn ve bilgileri \u00f6nceden ihtara gerek olmaks\u0131z\u0131n de\u011fi\u015ftirme, yay\u0131n\u0131 durdurma hakk\u0131n\u0131 sakl\u0131 tutar. De\u011fi\u015fiklikler, Web Sitesi&#8217;nde yay\u0131mland\u0131\u011f\u0131 anda y\u00fcr\u00fcrl\u00fc\u011fe girer. Web Sitesi&#8217;nin kullan\u0131m\u0131 ya da Web Sitesi&#8217;ne giri\u015f ile bu de\u011fi\u015fiklikler de kabul edilmi\u015f say\u0131l\u0131r. Bu ko\u015fullar link verilen di\u011fer web sayfalar\u0131 i\u00e7in de ge\u00e7erlidir.<\/li>\n<li>Nokta Home&#8217;un, kullan\u0131c\u0131 taraf\u0131ndan kay\u0131t esnas\u0131nda ya da daha sonra Web Sitesi&#8217;nde belirtilen adres, e-posta adresi, her t\u00fcrl\u00fc telefon hatlar\u0131 ve di\u011fer ileti\u015fim bilgileri \u00fczerinden ileti\u015fim, pazarlama, bildirim ve di\u011fer ama\u00e7larla kullan\u0131c\u0131ya ula\u015fma hakk\u0131 bulunmaktad\u0131r. Kullan\u0131c\u0131 i\u015fbu Kullan\u0131m \u015eartlar\u0131&#8217;n\u0131 kabul etmekle aksine yaz\u0131l\u0131 bir bildirimi olmad\u0131\u011f\u0131 m\u00fcddet\u00e7e Nokta Home&#8217;un kendisine y\u00f6nelik yukar\u0131da belirtilen ileti\u015fim faaliyetlerinde bulunabilece\u011fini kabul ve beyan etmektedir.<\/li>\n<li>Nokta Home, Kullan\u0131m \u015eartlar\u0131&#8217;n\u0131n ihlali, haks\u0131z fiil, ihmal veya di\u011fer sebepler neticesinde; i\u015flemin kesintiye u\u011framas\u0131, hata, ihmal, kesinti, silinme, kay\u0131p, i\u015flemin veya ileti\u015fimin gecikmesi, bilgisayar vir\u00fcs\u00fc, ileti\u015fim hatas\u0131, h\u0131rs\u0131zl\u0131k, imha veya izinsiz olarak kay\u0131tlara girilmesi, de\u011fi\u015ftirilmesi veya kullan\u0131lmas\u0131 hususunda herhangi bir sorumluluk kabul etmez.<\/li>\n<li>Bu Web Sitesi, Nokta Home&#8217;un kontrol\u00fc alt\u0131nda olmayan ba\u015fka \u0130nternet sitelerine ba\u011flant\u0131 veya referans i\u00e7erebilir. Nokta Home, s\u00f6z konusu sitelerin i\u00e7erikleri veya i\u00e7erdikleri di\u011fer ba\u011flant\u0131lardan sorumlu de\u011fildir.<\/li>\n<li>Nokta Home, Web Sitesi&#8217;nin tasar\u0131m\u0131 ile Web Sitesi&#8217;ndeki t\u00fcm bilgi, foto\u011fraf, Nokta Home markas\u0131 ve di\u011fer markalar, www.noktahome.com alan ad\u0131, logosu, ikonlar, grafikler ve teknik verilerin fikri ve s\u0131nai m\u00fclkiyet haklar\u0131n\u0131n sahibi veya lisans sahibidir ve yasal koruma alt\u0131ndad\u0131r. Web Sitesi&#8217;nde yukar\u0131da bahsedilen maddeler \u00f6nceden izin al\u0131nmadan ve kaynak g\u00f6sterilmeden de\u011fi\u015ftirilemez, kopyalanamaz, \u00e7o\u011falt\u0131lamaz, ba\u015fka bir dile \u00e7evrilemez, yeniden yay\u0131mlanamaz, ba\u015fka bir bilgisayara y\u00fcklenemez, postalanamaz, iletilemez, sunulamaz ya da da\u011f\u0131t\u0131lamaz. Web Sitesi&#8217;nin b\u00fct\u00fcn\u00fc veya bir k\u0131sm\u0131 ba\u015fka bir \u0130nternet sitesinde izinsiz olarak kullan\u0131lamaz. Aksine hareketler hukuki ve cezai sorumlulu\u011fu gerektirir. Nokta Home&#8217;un burada a\u00e7\u0131k\u00e7a belirtilmeyen di\u011fer t\u00fcm haklar\u0131 sakl\u0131d\u0131r.<\/li>\n<li>Kullan\u0131c\u0131lar\u0131n Web Sitesi&#8217;ni kulland\u0131\u011f\u0131 s\u0131rada ileri s\u00fcrd\u00fckleri fikir, d\u00fc\u015f\u00fcnce, ifade, Nokta Home ortam\u0131na eklenen dosyalar, ba\u015fkalar\u0131na g\u00f6nderilen ki\u015fisel ve ki\u015filik haklar\u0131 ile yak\u0131ndan ilgili bilgilerin ve mesajlar\u0131n sorumlulu\u011fu kendisine aittir. Nokta Home s\u00f6z konusu fikir, d\u00fc\u015f\u00fcnce, ifade ve payla\u015f\u0131lan dosya, mesaj ve bilgilerden dolay\u0131 hi\u00e7bir \u015fekilde sorumlu tutulamaz.<\/li>\n<li>Kullan\u0131c\u0131lar Web Sitesi \u00fczerinden tehdit i\u00e7erikli, ahlaka ayk\u0131r\u0131, \u0131rk, din, dil ve cinsiyet ayr\u0131m\u0131 i\u00e7eren, T\u00fcrkiye Cumhuriyeti yasalar\u0131na ve uluslararas\u0131 anla\u015fmalara ayk\u0131r\u0131 mesajlar g\u00f6nderemez.<\/li>\n<li>Kullan\u0131c\u0131lar Web Sitesi \u00fczerinden ki\u015fi, kurum ya da kurulu\u015flar\u0131n isimlerini lekeleyici, haklar\u0131n\u0131 ihlal eden nitelikte, ahlaka ayk\u0131r\u0131 veya yak\u0131\u015f\u0131ks\u0131z ya da kanun d\u0131\u015f\u0131 materyal ya da bilgiler yay\u0131mlayamaz.<\/li>\n<li>Kullan\u0131c\u0131lar Web Sitesi \u00fczerinden reklam yapamaz, herhangi bir mal ya da hizmet satamaz ya da sat\u0131lmas\u0131na y\u00f6nelik teklifte bulunamaz.<\/li>\n<li>\u0130\u015fbu kullan\u0131m \u015fartlar\u0131&#8217;nda belirlenen ve Nokta Home taraf\u0131ndan tek tarafl\u0131 olarak belirlenecek ama\u00e7lar d\u0131\u015f\u0131nda kullan\u0131c\u0131 taraf\u0131ndan Nokta Home hesab\u0131n\u0131n gerek Nokta Home&#8217;u gerekse de \u00fc\u00e7\u00fcnc\u00fc ki\u015fileri zarara u\u011fratacak \u015fekilde kullan\u0131lmas\u0131 ve\/veya Nokta Home&#8217;un ticari itibar\u0131n\u0131n kullan\u0131c\u0131n\u0131n eylemlerinden dolay\u0131 zarar g\u00f6rmesi halinde Nokta Home, kullan\u0131c\u0131n\u0131n \u00fcyeli\u011fini iptal etme, kullan\u0131c\u0131ya kar\u015f\u0131 gerek adli gerekse idari her t\u00fcrl\u00fc merciye ba\u015fvurma hakk\u0131na sahiptir. Ayr\u0131ca, Web Sitesi&#8217;nde yer alan &#8220;Arkada\u015f\u0131n\u0131 davet et&#8221; uygulamas\u0131, spam g\u00f6nderimine sebebiyet verecek ve bundan kazan\u00e7 elde edecek \u015fekilde kullan\u0131lamaz. Bu nedenle bu h\u00fckme ayk\u0131r\u0131 \u015fekilde kullan\u0131c\u0131 taraf\u0131ndan i\u015flemlerde bulunulmas\u0131 halinde, kullan\u0131c\u0131n\u0131n hesab\u0131 kupon veya puanlar\u0131 da d\u00e2hil olmak \u00fczere s\u00fcresiz ve tek tarafl\u0131 olarak ba\u015fkaca bir sebep g\u00f6stermeye gerek olmaks\u0131z\u0131n sona erdirilir. Nokta Home&#8217;un bu y\u00fczden u\u011frayaca\u011f\u0131 zararlara kar\u015f\u0131l\u0131k her t\u00fcrl\u00fc dava ve talep hakk\u0131 sakl\u0131d\u0131r.<\/li>\n<li>Kullan\u0131c\u0131lar Nokta Home&#8217;a ili\u015fkin olarak veya genel talep ve \u015fik\u00e2yetlerini Web Sitesi&#8217;nde yer alan ileti\u015fim bilgilerinin sa\u011flad\u0131\u011f\u0131 kanallara ula\u015ft\u0131rabilirler.<\/li>\n<li>Kullan\u0131c\u0131lar sipari\u015flerinde tek bir kampanya veya kupon kodu kullan\u0131labilir. Kampanya ve kupon kodlar\u0131 birle\u015ftirilemez.<\/li>\n<li>Nokta Home, kampanya boyunca, kampanya sonu\u00e7lar\u0131n\u0131 olumsuz etkileyecek \u015fekilde bilgisayar, internet teknolojilerini kullanarak hile yap\u0131ld\u0131\u011f\u0131n\u0131 ya da her ne \u015fekilde olursa olsun haks\u0131z yollardan kay\u0131t olu\u015fturuldu\u011funu tespit etmesi durumunda, ilgili kat\u0131l\u0131mlar\u0131 hi\u00e7bir uyar\u0131 yapmadan iptal etme hakk\u0131n\u0131 sakl\u0131 tutar. Bu ki\u015filer kazananlar listesinde yer alsalar bile kurallara ayk\u0131r\u0131 bir i\u015flem ya da davran\u0131\u015f\u0131 tespit edilmesi halinde, kat\u0131l\u0131mc\u0131n\u0131n b\u00fct\u00fcn kat\u0131l\u0131m verileri silinecek ve \u00f6d\u00fcl kazanma hakk\u0131 ortadan kalkacakt\u0131r.( Sosyal medya kampanyalar\u0131 dahildir.)<\/li>\n<li>Nokta Home, diledi\u011fi zaman bu yasal uyar\u0131 sayfas\u0131n\u0131n i\u00e7eri\u011fini g\u00fcncelleme yetkisini sakl\u0131 tutmaktad\u0131r ve kullan\u0131c\u0131lar\u0131na Web Sitesi&#8217;ne her giri\u015fte kullan\u0131m \u015fartlar\u0131 sayfas\u0131n\u0131 ziyaret etmelerini tavsiye etmektedir.<\/li>\n<\/ol>\n<div class=\"kvkk-text\">\n<p><span class=\"kvkk-text-title\">K\u0130\u015e\u0130SEL VER\u0130LER\u0130N \u0130\u015eLENMES\u0130<\/span><\/p>\n<p class=\"kvkk-text-desc\">Nokta Home i\u015fbu Kullan\u0131m Ko\u015fullar\u0131 h\u00fck\u00fcmleri \u00e7er\u00e7evesinde ve Noktahome.com\u2019a ili\u015fkin hizmetlerin ifas\u0131 amac\u0131yla ve Noktahome.com \u00fczerinden Kullan\u0131c\u0131lara y\u00f6nelik bir sat\u0131\u015f i\u015flemi ger\u00e7ekle\u015ftirmesi halinde kurulan ticari ili\u015fkinin ve \u00fcr\u00fcn ile hizmet kalitesinin geli\u015ftirilmesi amac\u0131 do\u011frultusunda, Kullan\u0131c\u0131lara ait ki\u015fisel verileri tamamen veya k\u0131smen otomatik olarak ya da herhangi bir veri kay\u0131t sisteminin par\u00e7as\u0131 olmak kayd\u0131yla otomatik olmayan yollarla elde etme, kaydetme, depolama, muhafaza etme, i\u015fleme, de\u011fi\u015ftirme, yeniden d\u00fczenlenme ve i\u015f ba\u011flant\u0131lar\u0131 ve ticari ili\u015fki i\u00e7erisinde bulunulan di\u011fer \u00fc\u00e7\u00fcnc\u00fc ki\u015filere a\u00e7\u0131klanmas\u0131, aktar\u0131lmas\u0131, devral\u0131nmas\u0131, elde edilebilir h\u00e2le getirilmesi, s\u0131n\u0131fland\u0131r\u0131lmas\u0131 ya da kullan\u0131lmas\u0131n\u0131n engellenmesi gibi i\u015flemlerin ger\u00e7ekle\u015ftirilmesi ad\u0131na i\u015fleyebilecektir. Bu kapsamda 24.03.2016 tarihli 6698 say\u0131l\u0131 Ki\u015fisel Verilerin Korunmas\u0131 Kanunu\u2019nu kapsam\u0131nda yukar\u0131da belirtilen faaliyetlerin ger\u00e7ekle\u015ftirilmesi amac\u0131yla Kullan\u0131c\u0131lar\u0131n KVKK hakk\u0131nda Ayd\u0131nlatma Metni\u2019ni detayl\u0131 bir \u015fekilde okuyarak Nokta Home taraf\u0131ndan sunulan a\u00e7\u0131k r\u0131za metnine onay vermeleri gerekmektedir.<\/p>\n<\/div>\n\t\t<\/div>\n\t\t<\/div><\/div><\/div><\/div>\n<\/div>","protected":false},"excerpt":{"rendered":"Noktahome.com (\"Web Sitesi\") girmeniz ya da bu web sitesi'ndeki herhangi bir bilgiyi kullanman\u0131z durumunda a\u015fa\u011f\u0131daki ko\u015fullar\u0131 kabul etti\u011finiz kabul edilir.","protected":false},"author":1,"featured_media":0,"parent":0,"menu_order":0,"comment_status":"closed","ping_status":"closed","template":"","meta":{"footnotes":""},"class_list":["post-9846","page","type-page","status-publish","hentry"],"yoast_head":"<!-- This site is optimized with the Yoast SEO plugin v27.3 - https:\/\/yoast.com\/product\/yoast-seo-wordpress\/ -->\n<title>\u00dcyelik S\u00f6zle\u015fmesi - noktahome.com<\/title>\n<meta name=\"robots\" content=\"index, follow, max-snippet:-1, max-image-preview:large, max-video-preview:-1\" \/>\n<link rel=\"canonical\" href=\"https:\/\/noktahome.com\/en\/uyelik-sozlesmesi\/\" \/>\n<meta property=\"og:locale\" content=\"en_US\" \/>\n<meta property=\"og:type\" content=\"article\" \/>\n<meta property=\"og:title\" content=\"\u00dcyelik S\u00f6zle\u015fmesi - noktahome.com\" \/>\n<meta property=\"og:url\" content=\"https:\/\/noktahome.com\/en\/uyelik-sozlesmesi\/\" \/>\n<meta property=\"og:site_name\" content=\"noktahome.com\" \/>\n<meta name=\"twitter:card\" content=\"summary_large_image\" \/>\n<meta name=\"twitter:site\" content=\"@noktahome\" \/>\n<meta name=\"twitter:label1\" content=\"Est. reading time\" \/>\n\t<meta name=\"twitter:data1\" content=\"6 minutes\" \/>\n<script type=\"application\/ld+json\" class=\"yoast-schema-graph\">{\"@context\":\"https:\\\/\\\/schema.org\",\"@graph\":[{\"@type\":\"WebPage\",\"@id\":\"https:\\\/\\\/noktahome.com\\\/uyelik-sozlesmesi\\\/\",\"url\":\"https:\\\/\\\/noktahome.com\\\/uyelik-sozlesmesi\\\/\",\"name\":\"\u00dcyelik S\u00f6zle\u015fmesi - noktahome.com\",\"isPartOf\":{\"@id\":\"https:\\\/\\\/noktahome.com\\\/#website\"},\"datePublished\":\"2025-08-12T08:27:22+00:00\",\"breadcrumb\":{\"@id\":\"https:\\\/\\\/noktahome.com\\\/uyelik-sozlesmesi\\\/#breadcrumb\"},\"inLanguage\":\"en-US\",\"potentialAction\":[{\"@type\":\"ReadAction\",\"target\":[\"https:\\\/\\\/noktahome.com\\\/uyelik-sozlesmesi\\\/\"]}]},{\"@type\":\"BreadcrumbList\",\"@id\":\"https:\\\/\\\/noktahome.com\\\/uyelik-sozlesmesi\\\/#breadcrumb\",\"itemListElement\":[{\"@type\":\"ListItem\",\"position\":1,\"name\":\"Anasayfa\",\"item\":\"https:\\\/\\\/noktahome.com\\\/\"},{\"@type\":\"ListItem\",\"position\":2,\"name\":\"\u00dcyelik S\u00f6zle\u015fmesi\"}]},{\"@type\":\"WebSite\",\"@id\":\"https:\\\/\\\/noktahome.com\\\/#website\",\"url\":\"https:\\\/\\\/noktahome.com\\\/\",\"name\":\"noktahome.com\",\"description\":\"Evine Bir Nokta Koy.\",\"publisher\":{\"@id\":\"https:\\\/\\\/noktahome.com\\\/#organization\"},\"potentialAction\":[{\"@type\":\"SearchAction\",\"target\":{\"@type\":\"EntryPoint\",\"urlTemplate\":\"https:\\\/\\\/noktahome.com\\\/?s={search_term_string}\"},\"query-input\":{\"@type\":\"PropertyValueSpecification\",\"valueRequired\":true,\"valueName\":\"search_term_string\"}}],\"inLanguage\":\"en-US\"},{\"@type\":\"Organization\",\"@id\":\"https:\\\/\\\/noktahome.com\\\/#organization\",\"name\":\"Nokta Home\",\"alternateName\":\"Nokta Home\",\"url\":\"https:\\\/\\\/noktahome.com\\\/\",\"logo\":{\"@type\":\"ImageObject\",\"inLanguage\":\"en-US\",\"@id\":\"https:\\\/\\\/noktahome.com\\\/#\\\/schema\\\/logo\\\/image\\\/\",\"url\":\"https:\\\/\\\/noktahome.com\\\/wp-content\\\/uploads\\\/2025\\\/07\\\/nokta-home-logo-footer.svg\",\"contentUrl\":\"https:\\\/\\\/noktahome.com\\\/wp-content\\\/uploads\\\/2025\\\/07\\\/nokta-home-logo-footer.svg\",\"width\":1,\"height\":1,\"caption\":\"Nokta Home\"},\"image\":{\"@id\":\"https:\\\/\\\/noktahome.com\\\/#\\\/schema\\\/logo\\\/image\\\/\"},\"sameAs\":[\"https:\\\/\\\/x.com\\\/noktahome\",\"https:\\\/\\\/www.instagram.com\\\/noktahomecom\\\/\",\"https:\\\/\\\/tr.pinterest.com\\\/noktahomecom\\\/\"]}]}<\/script>\n<!-- \/ Yoast SEO plugin. -->","yoast_head_json":{"title":"\u00dcyelik S\u00f6zle\u015fmesi - noktahome.com","robots":{"index":"index","follow":"follow","max-snippet":"max-snippet:-1","max-image-preview":"max-image-preview:large","max-video-preview":"max-video-preview:-1"},"canonical":"https:\/\/noktahome.com\/en\/uyelik-sozlesmesi\/","og_locale":"en_US","og_type":"article","og_title":"\u00dcyelik S\u00f6zle\u015fmesi - noktahome.com","og_url":"https:\/\/noktahome.com\/en\/uyelik-sozlesmesi\/","og_site_name":"noktahome.com","twitter_card":"summary_large_image","twitter_site":"@noktahome","twitter_misc":{"Est. reading time":"6 minutes"},"schema":{"@context":"https:\/\/schema.org","@graph":[{"@type":"WebPage","@id":"https:\/\/noktahome.com\/uyelik-sozlesmesi\/","url":"https:\/\/noktahome.com\/uyelik-sozlesmesi\/","name":"\u00dcyelik S\u00f6zle\u015fmesi - noktahome.com","isPartOf":{"@id":"https:\/\/noktahome.com\/#website"},"datePublished":"2025-08-12T08:27:22+00:00","breadcrumb":{"@id":"https:\/\/noktahome.com\/uyelik-sozlesmesi\/#breadcrumb"},"inLanguage":"en-US","potentialAction":[{"@type":"ReadAction","target":["https:\/\/noktahome.com\/uyelik-sozlesmesi\/"]}]},{"@type":"BreadcrumbList","@id":"https:\/\/noktahome.com\/uyelik-sozlesmesi\/#breadcrumb","itemListElement":[{"@type":"ListItem","position":1,"name":"Anasayfa","item":"https:\/\/noktahome.com\/"},{"@type":"ListItem","position":2,"name":"\u00dcyelik S\u00f6zle\u015fmesi"}]},{"@type":"WebSite","@id":"https:\/\/noktahome.com\/#website","url":"https:\/\/noktahome.com\/","name":"noktahome.com","description":"Evine Bir Nokta Koy.","publisher":{"@id":"https:\/\/noktahome.com\/#organization"},"potentialAction":[{"@type":"SearchAction","target":{"@type":"EntryPoint","urlTemplate":"https:\/\/noktahome.com\/?s={search_term_string}"},"query-input":{"@type":"PropertyValueSpecification","valueRequired":true,"valueName":"search_term_string"}}],"inLanguage":"en-US"},{"@type":"Organization","@id":"https:\/\/noktahome.com\/#organization","name":"Nokta Home","alternateName":"Nokta Home","url":"https:\/\/noktahome.com\/","logo":{"@type":"ImageObject","inLanguage":"en-US","@id":"https:\/\/noktahome.com\/#\/schema\/logo\/image\/","url":"https:\/\/noktahome.com\/wp-content\/uploads\/2025\/07\/nokta-home-logo-footer.svg","contentUrl":"https:\/\/noktahome.com\/wp-content\/uploads\/2025\/07\/nokta-home-logo-footer.svg","width":1,"height":1,"caption":"Nokta Home"},"image":{"@id":"https:\/\/noktahome.com\/#\/schema\/logo\/image\/"},"sameAs":["https:\/\/x.com\/noktahome","https:\/\/www.instagram.com\/noktahomecom\/","https:\/\/tr.pinterest.com\/noktahomecom\/"]}]}},"_links":{"self":[{"href":"https:\/\/noktahome.com\/en\/wp-json\/wp\/v2\/pages\/9846","targetHints":{"allow":["GET"]}}],"collection":[{"href":"https:\/\/noktahome.com\/en\/wp-json\/wp\/v2\/pages"}],"about":[{"href":"https:\/\/noktahome.com\/en\/wp-json\/wp\/v2\/types\/page"}],"author":[{"embeddable":true,"href":"https:\/\/noktahome.com\/en\/wp-json\/wp\/v2\/users\/1"}],"replies":[{"embeddable":true,"href":"https:\/\/noktahome.com\/en\/wp-json\/wp\/v2\/comments?post=9846"}],"version-history":[{"count":1,"href":"https:\/\/noktahome.com\/en\/wp-json\/wp\/v2\/pages\/9846\/revisions"}],"predecessor-version":[{"id":9847,"href":"https:\/\/noktahome.com\/en\/wp-json\/wp\/v2\/pages\/9846\/revisions\/9847"}],"wp:attachment":[{"href":"https:\/\/noktahome.com\/en\/wp-json\/wp\/v2\/media?parent=9846"}],"curies":[{"name":"wp","href":"https:\/\/api.w.org\/{rel}","templated":true}]}}