{"id":5288,"date":"2021-08-25T09:00:10","date_gmt":"2021-08-25T09:00:10","guid":{"rendered":"http:\/\/dummy.xtemos.com\/woodmart2\/?page_id=5288"},"modified":"2025-09-03T10:24:55","modified_gmt":"2025-09-03T10:24:55","slug":"iletisim","status":"publish","type":"page","link":"https:\/\/noktahome.com\/en\/iletisim\/","title":{"rendered":"\u0130leti\u015fim"},"content":{"rendered":"<div class=\"wpb-content-wrapper\"><div class=\"vc_row wpb_row vc_row-fluid vc_custom_1496926452255 vc_row-o-equal-height vc_row-flex\"><div class=\"wpb_column vc_column_container vc_col-sm-12 vc_col-lg-6 vc_col-md-6 vc_col-has-fill\"><div class=\"vc_column-inner vc_custom_1496927710186\"><div class=\"wpb_wrapper\">\n\t\t<div id=\"wd-68b8148dc8757\" class=\"title-wrapper wd-wpb set-mb-s reset-last-child  wd-rs-68b8148dc8757 wd-title-color-default wd-title-style-default text-left  wd-underline-colored\">\n\t\t\t\t\t\t\t<div class=\"title-subtitle  subtitle-color-default font-default subtitle-style-default wd-font-weight- wd-fontsize-xs\">Bilgi K\u00f6\u015fesi<\/div>\n\t\t\t\n\t\t\t<div class=\"liner-continer\">\n\t\t\t\t<h4 class=\"woodmart-title-container title  wd-font-weight- wd-fontsize-l\" >S\u0131k\u00e7a Sorulan Sorular<\/h4>\n\t\t\t\t\t\t\t<\/div>\n\t\t\t\n\t\t\t\n\t\t\t\n\t\t<\/div>\n\t\t\n\t\t\n\t\t<div id=\"wd-61825698b13f0\" class=\"wd-accordion wd-wpb wd-rs-61825698b13f0  wd-style-default\" data-state=\"first\">\n\t\t\t\t\t\t\t\n\t\t\t\t\n\t\t\t\t<div class=\"wd-accordion-item\">\n\t\t\t\t\t<div class=\"wd-accordion-title wd-active font-text wd-fontsize-s text-left wd-opener-pos-right wd-font-weight-600\" data-accordion-index=\"0\">\n\t\t\t\t\t\t<div class=\"wd-accordion-title-text\">\n\t\t\t\t\t\t\t\t\t\t\t\t\t\t<span>\n\t\t\t\t\t\t\t\tResimde G\u00f6rd\u00fc\u011f\u00fcm \u00dcr\u00fcn\u00fcn Ayn\u0131s\u0131n\u0131 m\u0131 Alaca\u011f\u0131m?\t\t\t\t\t\t\t<\/span>\n\t\t\t\t\t\t<\/div>\n\t\t\t\t\t\t<span class=\"wd-accordion-opener wd-opener-style-arrow\"><\/span>\n\t\t\t\t\t<\/div>\n\n\t\t\t\t\t<div class=\"wd-accordion-content reset-last-child wd-active\" data-accordion-index=\"0\">\n\t\t\t\t\t\t\t\t\t\t\t\t\t<p>\u00dcr\u00fcnlerimizin g\u00f6rselleri, \u00fcr\u00fcnlerin birebir foto\u011fraf \u00e7ekimleridir. Sunulan g\u00f6rseller herhangi bir dijital d\u00fczenleme veya render \u00e7al\u0131\u015fmas\u0131 de\u011fildir, bu nedenle sipari\u015f etti\u011finiz \u00fcr\u00fcnler foto\u011fraflarda g\u00f6rd\u00fc\u011f\u00fcn\u00fczle tamamen ayn\u0131d\u0131r.<\/p>\n\t\t\t\t\t\t\t\t\t\t\t<\/div>\n\t\t\t\t<\/div>\n\t\t\t\t\t\t\t\n\t\t\t\t\n\t\t\t\t<div class=\"wd-accordion-item\">\n\t\t\t\t\t<div class=\"wd-accordion-title font-text wd-fontsize-s text-left wd-opener-pos-right wd-font-weight-600\" data-accordion-index=\"1\">\n\t\t\t\t\t\t<div class=\"wd-accordion-title-text\">\n\t\t\t\t\t\t\t\t\t\t\t\t\t\t<span>\n\t\t\t\t\t\t\t\t\u00dcr\u00fcn\u00fc Nas\u0131l \u0130ade Edebilirim?\t\t\t\t\t\t\t<\/span>\n\t\t\t\t\t\t<\/div>\n\t\t\t\t\t\t<span class=\"wd-accordion-opener wd-opener-style-arrow\"><\/span>\n\t\t\t\t\t<\/div>\n\n\t\t\t\t\t<div class=\"wd-accordion-content reset-last-child\" data-accordion-index=\"1\">\n\t\t\t\t\t\t\t\t\t\t\t\t\t<p>\u00dcr\u00fcn\u00fcn\u00fcz\u00fc Bizimle Telefon veya Mail \u00dczerinden \u0130leti\u015fime Ge\u00e7erek \u0130ade Edebilirisiz.<\/p>\n\t\t\t\t\t\t\t\t\t\t\t<\/div>\n\t\t\t\t<\/div>\n\t\t\t\t\t\t\t\n\t\t\t\t\n\t\t\t\t<div class=\"wd-accordion-item\">\n\t\t\t\t\t<div class=\"wd-accordion-title font-text wd-fontsize-s text-left wd-opener-pos-right wd-font-weight-600\" data-accordion-index=\"2\">\n\t\t\t\t\t\t<div class=\"wd-accordion-title-text\">\n\t\t\t\t\t\t\t\t\t\t\t\t\t\t<span>\n\t\t\t\t\t\t\t\t\u00dcr\u00fcn \u00f6l\u00e7\u00fclerine nereden ula\u015fabilirim?\t\t\t\t\t\t\t<\/span>\n\t\t\t\t\t\t<\/div>\n\t\t\t\t\t\t<span class=\"wd-accordion-opener wd-opener-style-arrow\"><\/span>\n\t\t\t\t\t<\/div>\n\n\t\t\t\t\t<div class=\"wd-accordion-content reset-last-child\" data-accordion-index=\"2\">\n\t\t\t\t\t\t\t\t\t\t\t\t\t<p>\u00dcr\u00fcn\u00fcn web sitemizdeki a\u00e7\u0131klamalar k\u0131sm\u0131nda &#8220;\u00dcr\u00fcn Boyutlar\u0131&#8221; sekmesine t\u0131klayarak \u00f6l\u00e7\u00fc bilgisine ula\u015fabilirsin.<\/p>\n\t\t\t\t\t\t\t\t\t\t\t<\/div>\n\t\t\t\t<\/div>\n\t\t\t\t\t\t\t\n\t\t\t\t\n\t\t\t\t<div class=\"wd-accordion-item\">\n\t\t\t\t\t<div class=\"wd-accordion-title font-text wd-fontsize-s text-left wd-opener-pos-right wd-font-weight-600\" data-accordion-index=\"3\">\n\t\t\t\t\t\t<div class=\"wd-accordion-title-text\">\n\t\t\t\t\t\t\t\t\t\t\t\t\t\t<span>\n\t\t\t\t\t\t\t\tKurulum hizmetim ne zaman ger\u00e7ekle\u015fir?\t\t\t\t\t\t\t<\/span>\n\t\t\t\t\t\t<\/div>\n\t\t\t\t\t\t<span class=\"wd-accordion-opener wd-opener-style-arrow\"><\/span>\n\t\t\t\t\t<\/div>\n\n\t\t\t\t\t<div class=\"wd-accordion-content reset-last-child\" data-accordion-index=\"3\">\n\t\t\t\t\t\t\t\t\t\t\t\t\t<p>\u00dccretsiz kurulum ile sat\u0131n al\u0131nan veya teslimat \u00f6ncesinde ek kurulum talep edilerek al\u0131nan ve kendi nakliye ekibimiz ile teslimat\u0131n\u0131 sa\u011flad\u0131\u011f\u0131m\u0131z \u00fcr\u00fcnlerimizin kurulumunu teslimat an\u0131nda hemen ger\u00e7ekle\u015ftiriyoruz.<\/p>\n<p>Kurulumu m\u00fc\u015fteriye ait olan ve kargo ile teslim edilen \u00fcr\u00fcnlerde, ek kurulum hizmeti sat\u0131n al\u0131nm\u0131\u015f ise \u00fcr\u00fcn teslim edildikten en ge\u00e7 yedi (7) i\u015f g\u00fcn\u00fc i\u00e7erisinde kurulum hizmetini planl\u0131yoruz.<\/p>\n\t\t\t\t\t\t\t\t\t\t\t<\/div>\n\t\t\t\t<\/div>\n\t\t\t\t\t\t\t\n\t\t\t\t\n\t\t\t\t<div class=\"wd-accordion-item\">\n\t\t\t\t\t<div class=\"wd-accordion-title font-text wd-fontsize-s text-left wd-opener-pos-right wd-font-weight-600\" data-accordion-index=\"4\">\n\t\t\t\t\t\t<div class=\"wd-accordion-title-text\">\n\t\t\t\t\t\t\t\t\t\t\t\t\t\t<span>\n\t\t\t\t\t\t\t\tM\u00fc\u015fteri Hizmetleri \u00c7al\u0131\u015fma Saatleri Ka\u00e7?\t\t\t\t\t\t\t<\/span>\n\t\t\t\t\t\t<\/div>\n\t\t\t\t\t\t<span class=\"wd-accordion-opener wd-opener-style-arrow\"><\/span>\n\t\t\t\t\t<\/div>\n\n\t\t\t\t\t<div class=\"wd-accordion-content reset-last-child\" data-accordion-index=\"4\">\n\t\t\t\t\t\t\t\t\t\t\t\t\t\n<div class=\"uv-paper-section\">\n<section>M\u00fc\u015fteri hizmetlerimiz her g\u00fcn 09:00 &#8211; 18:00 saatleri aras\u0131nda hizmet vermektedir. Talebine 24 saat i\u00e7erisinde talebi iletti\u011fin mail adresi \u00fczerinden d\u00f6n\u00fc\u015f yap\u0131lacakt\u0131r, mail kutunu kontrol etmeni rica ederiz. Ayr\u0131ca hafta i\u00e7i her g\u00fcn 09:00 &#8211; 18:00 saatleri aras\u0131nda 549 888 00 16 numaral\u0131 hatt\u0131m\u0131zdan m\u00fc\u015fteri hizmetlerine ula\u015fabilirsin.<\/p>\n<div class=\"uv-author\"><\/div>\n<\/section>\n<\/div>\n\t\t\t\t\t\t\t\t\t\t\t<\/div>\n\t\t\t\t<\/div>\n\t\t\t\t\t\t\t\t\t\t\t\t\t\t<\/div>\n\n\t\t<\/div><\/div><\/div><div class=\"wpb_column vc_column_container vc_col-sm-12 vc_col-lg-6 vc_col-md-6\"><div class=\"vc_column-inner vc_custom_1496927688909\"><div class=\"wpb_wrapper\">\n\t\t<div id=\"wd-68b8161918487\" class=\"title-wrapper wd-wpb set-mb-s reset-last-child  wd-rs-68b8161918487 wd-title-color-default wd-title-style-default text-left  wd-underline-colored\">\n\t\t\t\t\t\t\t<div class=\"title-subtitle  subtitle-color-default font-default subtitle-style-default wd-font-weight- wd-fontsize-xs\">HERHANG\u0130 B\u0130R SORUNUZ VARSA B\u0130ZE ULA\u015eIN<\/div>\n\t\t\t\n\t\t\t<div class=\"liner-continer\">\n\t\t\t\t<h4 class=\"woodmart-title-container title  wd-font-weight- wd-fontsize-l\" >Bilgi<\/h4>\n\t\t\t\t\t\t\t<\/div>\n\t\t\t\n\t\t\t\n\t\t\t\n\t\t<\/div>\n\t\t\n\t\t\n<div class=\"wpcf7 no-js\" id=\"wpcf7-f6-o1\" lang=\"tr-TR\" dir=\"ltr\" data-wpcf7-id=\"6\">\n<div class=\"screen-reader-response\"><p role=\"status\" aria-live=\"polite\" aria-atomic=\"true\"><\/p> <ul><\/ul><\/div>\n<form action=\"\/en\/wp-json\/wp\/v2\/pages\/5288#wpcf7-f6-o1\" method=\"post\" class=\"wpcf7-form init\" aria-label=\"\u0130leti\u015fim Formu\" novalidate=\"novalidate\" data-status=\"init\" data-trp-original-action=\"\/en\/wp-json\/wp\/v2\/pages\/5288#wpcf7-f6-o1\">\n<fieldset class=\"hidden-fields-container\"><input type=\"hidden\" name=\"_wpcf7\" value=\"6\" \/><input type=\"hidden\" name=\"_wpcf7_version\" value=\"6.1.5\" \/><input type=\"hidden\" name=\"_wpcf7_locale\" value=\"tr_TR\" \/><input type=\"hidden\" name=\"_wpcf7_unit_tag\" value=\"wpcf7-f6-o1\" \/><input type=\"hidden\" name=\"_wpcf7_container_post\" value=\"0\" \/><input type=\"hidden\" name=\"_wpcf7_posted_data_hash\" value=\"\" \/>\n<\/fieldset>\n<p><label> Ad - Soyad<br \/>\n<span class=\"wpcf7-form-control-wrap\" data-name=\"your-name\"><input size=\"40\" maxlength=\"400\" class=\"wpcf7-form-control wpcf7-text wpcf7-validates-as-required\" autocomplete=\"name\" aria-required=\"true\" aria-invalid=\"false\" value=\"\" type=\"text\" name=\"your-name\" \/><\/span> <\/label>\n<\/p>\n<p><label> E- Mail Adresiniz<br \/>\n<span class=\"wpcf7-form-control-wrap\" data-name=\"your-email\"><input size=\"40\" maxlength=\"400\" class=\"wpcf7-form-control wpcf7-email wpcf7-validates-as-required wpcf7-text wpcf7-validates-as-email\" autocomplete=\"email\" aria-required=\"true\" aria-invalid=\"false\" value=\"\" type=\"email\" name=\"your-email\" \/><\/span> <\/label>\n<\/p>\n<p><label> Konu<br \/>\n<span class=\"wpcf7-form-control-wrap\" data-name=\"your-subject\"><input size=\"40\" maxlength=\"400\" class=\"wpcf7-form-control wpcf7-text wpcf7-validates-as-required\" aria-required=\"true\" aria-invalid=\"false\" value=\"\" type=\"text\" name=\"your-subject\" \/><\/span> <\/label>\n<\/p>\n<p><label> Mesaj (Opsiyonel)<br \/>\n<span class=\"wpcf7-form-control-wrap\" data-name=\"your-message\"><textarea cols=\"40\" rows=\"10\" maxlength=\"2000\" class=\"wpcf7-form-control wpcf7-textarea\" aria-invalid=\"false\" name=\"your-message\"><\/textarea><\/span> <\/label>\n<\/p>\n<p><input class=\"wpcf7-form-control wpcf7-submit has-spinner\" type=\"submit\" value=\"G\u00f6nder\" \/>\n<\/p><div class=\"wpcf7-response-output\" aria-hidden=\"true\"><\/div>\n<input type=\"hidden\" name=\"trp-form-language\" value=\"en\"\/><\/form>\n<\/div>\n<\/div><\/div><\/div><\/div>\n<\/div>","protected":false},"excerpt":{"rendered":"Bilgi K\u00f6\u015fesi S\u0131k\u00e7a Sorulan Sorular Resimde G\u00f6rd\u00fc\u011f\u00fcm \u00dcr\u00fcn\u00fcn Ayn\u0131s\u0131n\u0131 m\u0131 Alaca\u011f\u0131m? \u00dcr\u00fcnlerimizin g\u00f6rselleri, \u00fcr\u00fcnlerin birebir foto\u011fraf \u00e7ekimleridir. Sunulan g\u00f6rseller herhangi","protected":false},"author":1,"featured_media":0,"parent":0,"menu_order":0,"comment_status":"closed","ping_status":"closed","template":"","meta":{"footnotes":""},"class_list":["post-5288","page","type-page","status-publish","hentry"],"yoast_head":"<!-- This site is optimized with the Yoast SEO plugin v27.3 - https:\/\/yoast.com\/product\/yoast-seo-wordpress\/ -->\n<title>\u0130leti\u015fim - noktahome.com<\/title>\n<meta name=\"robots\" content=\"index, follow, max-snippet:-1, max-image-preview:large, max-video-preview:-1\" \/>\n<link rel=\"canonical\" href=\"https:\/\/noktahome.com\/en\/iletisim\/\" \/>\n<meta property=\"og:locale\" content=\"en_US\" \/>\n<meta property=\"og:type\" content=\"article\" \/>\n<meta property=\"og:title\" content=\"\u0130leti\u015fim - noktahome.com\" \/>\n<meta property=\"og:url\" content=\"https:\/\/noktahome.com\/en\/iletisim\/\" \/>\n<meta property=\"og:site_name\" content=\"noktahome.com\" \/>\n<meta property=\"article:modified_time\" content=\"2025-09-03T10:24:55+00:00\" \/>\n<meta name=\"twitter:card\" content=\"summary_large_image\" \/>\n<meta name=\"twitter:site\" content=\"@noktahome\" \/>\n<meta name=\"twitter:label1\" content=\"Est. reading time\" \/>\n\t<meta name=\"twitter:data1\" content=\"2 minutes\" \/>\n<script type=\"application\/ld+json\" class=\"yoast-schema-graph\">{\"@context\":\"https:\\\/\\\/schema.org\",\"@graph\":[{\"@type\":\"WebPage\",\"@id\":\"https:\\\/\\\/noktahome.com\\\/iletisim\\\/\",\"url\":\"https:\\\/\\\/noktahome.com\\\/iletisim\\\/\",\"name\":\"\u0130leti\u015fim - noktahome.com\",\"isPartOf\":{\"@id\":\"https:\\\/\\\/noktahome.com\\\/#website\"},\"datePublished\":\"2021-08-25T09:00:10+00:00\",\"dateModified\":\"2025-09-03T10:24:55+00:00\",\"breadcrumb\":{\"@id\":\"https:\\\/\\\/noktahome.com\\\/iletisim\\\/#breadcrumb\"},\"inLanguage\":\"en-US\",\"potentialAction\":[{\"@type\":\"ReadAction\",\"target\":[\"https:\\\/\\\/noktahome.com\\\/iletisim\\\/\"]}]},{\"@type\":\"BreadcrumbList\",\"@id\":\"https:\\\/\\\/noktahome.com\\\/iletisim\\\/#breadcrumb\",\"itemListElement\":[{\"@type\":\"ListItem\",\"position\":1,\"name\":\"Anasayfa\",\"item\":\"https:\\\/\\\/noktahome.com\\\/\"},{\"@type\":\"ListItem\",\"position\":2,\"name\":\"\u0130leti\u015fim\"}]},{\"@type\":\"WebSite\",\"@id\":\"https:\\\/\\\/noktahome.com\\\/#website\",\"url\":\"https:\\\/\\\/noktahome.com\\\/\",\"name\":\"noktahome.com\",\"description\":\"Evine Bir Nokta Koy.\",\"publisher\":{\"@id\":\"https:\\\/\\\/noktahome.com\\\/#organization\"},\"potentialAction\":[{\"@type\":\"SearchAction\",\"target\":{\"@type\":\"EntryPoint\",\"urlTemplate\":\"https:\\\/\\\/noktahome.com\\\/?s={search_term_string}\"},\"query-input\":{\"@type\":\"PropertyValueSpecification\",\"valueRequired\":true,\"valueName\":\"search_term_string\"}}],\"inLanguage\":\"en-US\"},{\"@type\":\"Organization\",\"@id\":\"https:\\\/\\\/noktahome.com\\\/#organization\",\"name\":\"Nokta Home\",\"alternateName\":\"Nokta Home\",\"url\":\"https:\\\/\\\/noktahome.com\\\/\",\"logo\":{\"@type\":\"ImageObject\",\"inLanguage\":\"en-US\",\"@id\":\"https:\\\/\\\/noktahome.com\\\/#\\\/schema\\\/logo\\\/image\\\/\",\"url\":\"https:\\\/\\\/noktahome.com\\\/wp-content\\\/uploads\\\/2025\\\/07\\\/nokta-home-logo-footer.svg\",\"contentUrl\":\"https:\\\/\\\/noktahome.com\\\/wp-content\\\/uploads\\\/2025\\\/07\\\/nokta-home-logo-footer.svg\",\"width\":1,\"height\":1,\"caption\":\"Nokta Home\"},\"image\":{\"@id\":\"https:\\\/\\\/noktahome.com\\\/#\\\/schema\\\/logo\\\/image\\\/\"},\"sameAs\":[\"https:\\\/\\\/x.com\\\/noktahome\",\"https:\\\/\\\/www.instagram.com\\\/noktahomecom\\\/\",\"https:\\\/\\\/tr.pinterest.com\\\/noktahomecom\\\/\"]}]}<\/script>\n<!-- \/ Yoast SEO plugin. -->","yoast_head_json":{"title":"\u0130leti\u015fim - noktahome.com","robots":{"index":"index","follow":"follow","max-snippet":"max-snippet:-1","max-image-preview":"max-image-preview:large","max-video-preview":"max-video-preview:-1"},"canonical":"https:\/\/noktahome.com\/en\/iletisim\/","og_locale":"en_US","og_type":"article","og_title":"\u0130leti\u015fim - noktahome.com","og_url":"https:\/\/noktahome.com\/en\/iletisim\/","og_site_name":"noktahome.com","article_modified_time":"2025-09-03T10:24:55+00:00","twitter_card":"summary_large_image","twitter_site":"@noktahome","twitter_misc":{"Est. reading time":"2 minutes"},"schema":{"@context":"https:\/\/schema.org","@graph":[{"@type":"WebPage","@id":"https:\/\/noktahome.com\/iletisim\/","url":"https:\/\/noktahome.com\/iletisim\/","name":"\u0130leti\u015fim - noktahome.com","isPartOf":{"@id":"https:\/\/noktahome.com\/#website"},"datePublished":"2021-08-25T09:00:10+00:00","dateModified":"2025-09-03T10:24:55+00:00","breadcrumb":{"@id":"https:\/\/noktahome.com\/iletisim\/#breadcrumb"},"inLanguage":"en-US","potentialAction":[{"@type":"ReadAction","target":["https:\/\/noktahome.com\/iletisim\/"]}]},{"@type":"BreadcrumbList","@id":"https:\/\/noktahome.com\/iletisim\/#breadcrumb","itemListElement":[{"@type":"ListItem","position":1,"name":"Anasayfa","item":"https:\/\/noktahome.com\/"},{"@type":"ListItem","position":2,"name":"\u0130leti\u015fim"}]},{"@type":"WebSite","@id":"https:\/\/noktahome.com\/#website","url":"https:\/\/noktahome.com\/","name":"noktahome.com","description":"Evine Bir Nokta Koy.","publisher":{"@id":"https:\/\/noktahome.com\/#organization"},"potentialAction":[{"@type":"SearchAction","target":{"@type":"EntryPoint","urlTemplate":"https:\/\/noktahome.com\/?s={search_term_string}"},"query-input":{"@type":"PropertyValueSpecification","valueRequired":true,"valueName":"search_term_string"}}],"inLanguage":"en-US"},{"@type":"Organization","@id":"https:\/\/noktahome.com\/#organization","name":"Nokta Home","alternateName":"Nokta Home","url":"https:\/\/noktahome.com\/","logo":{"@type":"ImageObject","inLanguage":"en-US","@id":"https:\/\/noktahome.com\/#\/schema\/logo\/image\/","url":"https:\/\/noktahome.com\/wp-content\/uploads\/2025\/07\/nokta-home-logo-footer.svg","contentUrl":"https:\/\/noktahome.com\/wp-content\/uploads\/2025\/07\/nokta-home-logo-footer.svg","width":1,"height":1,"caption":"Nokta Home"},"image":{"@id":"https:\/\/noktahome.com\/#\/schema\/logo\/image\/"},"sameAs":["https:\/\/x.com\/noktahome","https:\/\/www.instagram.com\/noktahomecom\/","https:\/\/tr.pinterest.com\/noktahomecom\/"]}]}},"_links":{"self":[{"href":"https:\/\/noktahome.com\/en\/wp-json\/wp\/v2\/pages\/5288","targetHints":{"allow":["GET"]}}],"collection":[{"href":"https:\/\/noktahome.com\/en\/wp-json\/wp\/v2\/pages"}],"about":[{"href":"https:\/\/noktahome.com\/en\/wp-json\/wp\/v2\/types\/page"}],"author":[{"embeddable":true,"href":"https:\/\/noktahome.com\/en\/wp-json\/wp\/v2\/users\/1"}],"replies":[{"embeddable":true,"href":"https:\/\/noktahome.com\/en\/wp-json\/wp\/v2\/comments?post=5288"}],"version-history":[{"count":8,"href":"https:\/\/noktahome.com\/en\/wp-json\/wp\/v2\/pages\/5288\/revisions"}],"predecessor-version":[{"id":10102,"href":"https:\/\/noktahome.com\/en\/wp-json\/wp\/v2\/pages\/5288\/revisions\/10102"}],"wp:attachment":[{"href":"https:\/\/noktahome.com\/en\/wp-json\/wp\/v2\/media?parent=5288"}],"curies":[{"name":"wp","href":"https:\/\/api.w.org\/{rel}","templated":true}]}}