{"id":5212,"date":"2021-08-25T07:26:28","date_gmt":"2021-08-25T07:26:28","guid":{"rendered":"http:\/\/dummy.xtemos.com\/woodmart2\/?page_id=5212"},"modified":"2025-09-03T11:40:21","modified_gmt":"2025-09-03T11:40:21","slug":"hakkimizda","status":"publish","type":"page","link":"https:\/\/noktahome.com\/en\/hakkimizda\/","title":{"rendered":"Hakk\u0131m\u0131zda"},"content":{"rendered":"<div class=\"wpb-content-wrapper\"><div class=\"vc_row wpb_row vc_row-fluid vc_custom_1629877038080 row-reverse-mobile row-reverse-tablet wd-rs-6125f32826e3d\"><div class=\"wpb_column vc_column_container vc_col-sm-12 vc_col-lg-6 vc_col-md-6 wd-rs-6125f30edad72\"><div class=\"vc_column-inner vc_custom_1629877010833\"><div class=\"wpb_wrapper\">\t\t<div id=\"wd-69e5067e5b220\" class=\"wd-image wd-wpb text-left vc_custom_1629876575750\">\n\t\t\t\n\t\t\t<img loading=\"lazy\" decoding=\"async\" width=\"580\" height=\"580\" src=\"https:\/\/noktahome.com\/wp-content\/uploads\/2021\/08\/about-us-3-image-1.jpg\" class=\"attachment-full size-full\" alt=\"\" srcset=\"https:\/\/noktahome.com\/wp-content\/uploads\/2021\/08\/about-us-3-image-1.jpg 580w, https:\/\/noktahome.com\/wp-content\/uploads\/2021\/08\/about-us-3-image-1-430x430.jpg 430w, https:\/\/noktahome.com\/wp-content\/uploads\/2021\/08\/about-us-3-image-1-150x150.jpg 150w\" sizes=\"auto, (max-width: 580px) 100vw, 580px\" \/>\n\t\t\t\t\t<\/div>\n\t\t<\/div><\/div><\/div><div class=\"wpb_column vc_column_container vc_col-sm-12 vc_col-lg-offset-1 vc_col-lg-5 vc_col-md-6 vc_col-xs-12 wd-rs-6125f320eb687\"><div class=\"vc_column-inner vc_custom_1629877027060\"><div class=\"wpb_wrapper\">\t\t<div id=\"wd-68b8281605925\" class=\"wd-text-block wd-wpb reset-last-child wd-rs-68b8281605925 text-left wd-width-enabled wd-fontsize-s vc_custom_1756899352915\" style=\"--wd-max-width: 90%;\">\n\t\t\t<p>Bizim i\u00e7in bir ev, sadece duvarlardan ibaret de\u011fildir; o, an\u0131lar\u0131n birikti\u011fi, huzur buldu\u011funuz ve kendinizi en iyi hissetti\u011finiz yerdir.<\/p>\n\t\t<\/div>\n\t\t\t\t<div id=\"wd-68b8282a4c5a5\" class=\"wd-text-block wd-wpb reset-last-child wd-rs-68b8282a4c5a5 text-left wd-fontsize-custom vc_custom_1756899378323\">\n\t\t\t<p>\u0130\u015fte Nokta Home fikri de tam bu noktada do\u011fdu: <b>evini seven, ki\u015fiselle\u015ftirmek isteyen ve bunu yaparken keyif alan herkes i\u00e7in bir adres olmak.<\/b><\/p>\n<p>Y\u0131llard\u0131r biriktirdi\u011fimiz ev dekorasyon tutkumuzu, \u00f6zenle se\u00e7ilmi\u015f \u00fcr\u00fcnlerle size sunuyoruz. Her bir par\u00e7an\u0131n bir ruhu oldu\u011funa, evinize karakter kataca\u011f\u0131na inan\u0131yoruz. Sadece bir e-ticaret sitesi de\u011fil, ayn\u0131 zamanda size ilham veren, fikirler sunan ve evinizi en sevdi\u011finiz yer haline getirmenize yard\u0131mc\u0131 olan bir dost olmak istiyoruz.<\/p>\n<p>Ev yolculu\u011funuzda size e\u015flik etmek i\u00e7in sab\u0131rs\u0131zlan\u0131yoruz.<\/p>\n\t\t<\/div>\n\t\t<div class=\"vc_separator wpb_content_element vc_separator_align_center vc_sep_width_100 vc_sep_pos_align_center vc_separator_no_text vc_custom_1615616514122\" ><span class=\"vc_sep_holder vc_sep_holder_l\"><span style=\"border-color:rgb(10,10,10);border-color:rgba(10,10,10,0.12);\" class=\"vc_sep_line\"><\/span><\/span><span class=\"vc_sep_holder vc_sep_holder_r\"><span style=\"border-color:rgb(10,10,10);border-color:rgba(10,10,10,0.12);\" class=\"vc_sep_line\"><\/span><\/span>\n<\/div><div class=\"vc_row wpb_row vc_inner vc_row-fluid vc_row-o-content-middle vc_row-flex\"><div class=\"wpb_column vc_column_container vc_col-sm-12 vc_hidden-sm vc_hidden-xs wd-rs-6125f438bf39a\"><div class=\"vc_column-inner vc_custom_1629877310132\"><div class=\"wpb_wrapper\">\n\t\t\t<div class=\"wd-social-icons  icons-design-colored-alt icons-size-small color-scheme-dark social-share social-form-circle text-right\">\n\n\t\t\t\t\n\t\t\t\t\t\t\t\t\t<a rel=\"noopener noreferrer nofollow\" href=\"https:\/\/www.facebook.com\/sharer\/sharer.php?u=https:\/\/noktahome.com\/en\/hakkimizda\/\" target=\"_blank\" class=\"wd-social-icon social-facebook\" aria-label=\"Facebook social link\">\n\t\t\t\t\t\t<span class=\"wd-icon\"><\/span>\n\t\t\t\t\t\t\t\t\t\t\t<\/a>\n\t\t\t\t\n\t\t\t\t\t\t\t\t\t<a rel=\"noopener noreferrer nofollow\" href=\"https:\/\/x.com\/share?url=https:\/\/noktahome.com\/en\/hakkimizda\/\" target=\"_blank\" class=\"wd-social-icon social-twitter\" aria-label=\"X social link\">\n\t\t\t\t\t\t<span class=\"wd-icon\"><\/span>\n\t\t\t\t\t\t\t\t\t\t\t<\/a>\n\t\t\t\t\n\t\t\t\t\n\t\t\t\t\n\t\t\t\t\n\t\t\t\t\t\t\t\t\t<a rel=\"noopener noreferrer nofollow\" href=\"https:\/\/pinterest.com\/pin\/create\/button\/?url=https:\/\/noktahome.com\/en\/hakkimizda\/&media=https:\/\/noktahome.com\/wp-includes\/images\/media\/default.svg&description=Hakk%C4%B1m%C4%B1zda\" target=\"_blank\" class=\"wd-social-icon social-pinterest\" aria-label=\"Pinterest social link\">\n\t\t\t\t\t\t<span class=\"wd-icon\"><\/span>\n\t\t\t\t\t\t\t\t\t\t\t<\/a>\n\t\t\t\t\n\t\t\t\t\n\t\t\t\t\t\t\t\t\t<a rel=\"noopener noreferrer nofollow\" href=\"https:\/\/www.linkedin.com\/shareArticle?mini=true&url=https:\/\/noktahome.com\/en\/hakkimizda\/\" target=\"_blank\" class=\"wd-social-icon social-linkedin\" aria-label=\"Linkedin social link\">\n\t\t\t\t\t\t<span class=\"wd-icon\"><\/span>\n\t\t\t\t\t\t\t\t\t\t\t<\/a>\n\t\t\t\t\n\t\t\t\t\n\t\t\t\t\n\t\t\t\t\n\t\t\t\t\n\t\t\t\t\n\t\t\t\t\n\t\t\t\t\n\t\t\t\t\n\t\t\t\t\n\t\t\t\t\t\t\t\t\n\t\t\t\t\t\t\t\t\n\t\t\t\t\n\t\t\t\t\n\t\t\t\t\t\t\t\t\t<a rel=\"noopener noreferrer nofollow\" href=\"https:\/\/telegram.me\/share\/url?url=https:\/\/noktahome.com\/en\/hakkimizda\/\" target=\"_blank\" class=\"wd-social-icon social-tg\" aria-label=\"Telegram social link\">\n\t\t\t\t\t\t<span class=\"wd-icon\"><\/span>\n\t\t\t\t\t\t\t\t\t\t\t<\/a>\n\t\t\t\t\t\t\t\t\n\t\t\t\t\n\t\t\t<\/div>\n\n\t\t<\/div><\/div><\/div><\/div><\/div><\/div><\/div><\/div><section data-vc-full-width=\"true\" data-vc-full-width-temp=\"true\" data-vc-full-width-init=\"false\" class=\"vc_section vc_custom_1629877074547 vc_section-has-fill wd-rs-6125f33d39481\"><div class=\"vc_row wpb_row vc_row-fluid vc_custom_1615814278162 vc_row-o-equal-height vc_row-o-content-middle vc_row-flex\"><div class=\"wpb_column vc_column_container vc_col-sm-6 color-scheme-light wd-rs-6125f35912e56\"><div class=\"vc_column-inner vc_custom_1629877084287\"><div class=\"wpb_wrapper\">\n\t\t<div id=\"wd-68b828ffe3962\" class=\"title-wrapper wd-wpb set-mb-s reset-last-child  wd-rs-68b828ffe3962 wd-title-color-primary wd-title-style-default text-left vc_custom_1756899618879 wd-width-enabled wd-underline-colored\" style=\"--wd-max-width: 90%;\">\n\t\t\t\t\t\t\t<div class=\"title-subtitle  subtitle-color-primary font-default subtitle-style-default wd-font-weight-600 wd-fontsize-xs\">NOKTA HOME<\/div>\n\t\t\t\n\t\t\t<div class=\"liner-continer\">\n\t\t\t\t<h4 class=\"woodmart-title-container title  wd-font-weight- wd-fontsize-xxl\" >Planlaman\u0131n Her A\u015famas\u0131n\u0131n \u00dczerinde \u00c7al\u0131\u015f\u0131yoruz<\/h4>\n\t\t\t\t\t\t\t<\/div>\n\t\t\t\n\t\t\t\n\t\t\t\n\t\t<\/div>\n\t\t\n\t\t<\/div><\/div><\/div><div class=\"wpb_column vc_column_container vc_col-sm-6 wd-rs-6125f353ede07\"><div class=\"vc_column-inner vc_custom_1629877079783\"><div class=\"wpb_wrapper\"><div class=\"vc_row wpb_row vc_inner vc_row-fluid vc_custom_1615814565315 vc_row-has-fill vc_row-o-equal-height vc_row-flex\"><div class=\"wpb_column vc_column_container vc_col-sm-6 vc_col-xs-6 vc_col-has-fill\"><div class=\"vc_column-inner vc_custom_1499604113587\"><div class=\"wpb_wrapper\">\t\t\t<div class=\"woodmart-counter wd-wpb  wd-rs-68b82877ce86d counter-large text-center color-scheme-light\" id=\"wd-68b82877ce86d\">\n\t\t\t\t<div class=\"counter-value wd-font-weight-600\" data-state=\"new\" data-final=\"2025\">2025<\/div>\n\t\t\t\t\t\t\t\t\t<div class=\"counter-label\">KURULU\u015e YILI<\/div>\n\t\t\t\t\t\t\t\t\t\t\t<\/div>\n\n\t\t<\/div><\/div><\/div><div class=\"wpb_column vc_column_container vc_col-sm-6 vc_col-xs-6\"><div class=\"vc_column-inner vc_custom_1499604100036\"><div class=\"wpb_wrapper\">\t\t\t<div class=\"woodmart-counter wd-wpb  wd-rs-68b828822bb8b counter-large text-center color-scheme-light\" id=\"wd-68b828822bb8b\">\n\t\t\t\t<div class=\"counter-value wd-font-weight-600\" data-state=\"new\" data-final=\"287\">287<\/div>\n\t\t\t\t\t\t\t\t\t<div class=\"counter-label\">MUTLU M\u00dc\u015eTER\u0130<\/div>\n\t\t\t\t\t\t\t\t\t\t\t<\/div>\n\n\t\t<\/div><\/div><\/div><\/div><div class=\"vc_row wpb_row vc_inner vc_row-fluid vc_custom_1499603294997 vc_row-has-fill\"><div class=\"wpb_column vc_column_container vc_col-sm-6 vc_col-xs-6 vc_col-has-fill\"><div class=\"vc_column-inner vc_custom_1499604519781\"><div class=\"wpb_wrapper\">\t\t\t<div class=\"woodmart-counter wd-wpb  wd-rs-68b82896445f2 counter-large text-center color-scheme-light\" id=\"wd-68b82896445f2\">\n\t\t\t\t<div class=\"counter-value wd-font-weight-600\" data-state=\"new\" data-final=\"74\">74<\/div>\n\t\t\t\t\t\t\t\t\t<div class=\"counter-label\">\u00c7ALI\u015eAN SAYIMIZ<\/div>\n\t\t\t\t\t\t\t\t\t\t\t<\/div>\n\n\t\t<\/div><\/div><\/div><div class=\"wpb_column vc_column_container vc_col-sm-6 vc_col-xs-6\"><div class=\"vc_column-inner vc_custom_1499604526470\"><div class=\"wpb_wrapper\">\t\t\t<div class=\"woodmart-counter wd-wpb  wd-rs-68b828ebeb847 counter-large text-center color-scheme-light\" id=\"wd-68b828ebeb847\">\n\t\t\t\t<div class=\"counter-value wd-font-weight-600\" data-state=\"new\" data-final=\"4\">4<\/div>\n\t\t\t\t\t\t\t\t\t<div class=\"counter-label\">OF\u0130SLER<\/div>\n\t\t\t\t\t\t\t\t\t\t\t<\/div>\n\n\t\t<\/div><\/div><\/div><\/div><div class=\"vc_row wpb_row vc_inner vc_row-fluid vc_custom_1499603310379\"><div class=\"wpb_column vc_column_container vc_col-sm-6 vc_col-xs-6 vc_col-has-fill\"><div class=\"vc_column-inner vc_custom_1499604535206\"><div class=\"wpb_wrapper\">\t\t\t<div class=\"woodmart-counter wd-wpb  wd-rs-68b828be07553 counter-large text-center color-scheme-light\" id=\"wd-68b828be07553\">\n\t\t\t\t<div class=\"counter-value wd-font-weight-600\" data-state=\"new\" data-final=\"46\">46<\/div>\n\t\t\t\t\t\t\t\t\t<div class=\"counter-label\">BAY\u0130 SAYISI<\/div>\n\t\t\t\t\t\t\t\t\t\t\t<\/div>\n\n\t\t<\/div><\/div><\/div><div class=\"wpb_column vc_column_container vc_col-sm-6 vc_col-xs-6\"><div class=\"vc_column-inner vc_custom_1499604548790\"><div class=\"wpb_wrapper\">\t\t\t<div class=\"woodmart-counter wd-wpb  wd-rs-68b828b8502b0 counter-large text-center color-scheme-light\" id=\"wd-68b828b8502b0\">\n\t\t\t\t<div class=\"counter-value wd-font-weight-600\" data-state=\"new\" data-final=\"138\">138<\/div>\n\t\t\t\t\t\t\t\t\t<div class=\"counter-label\">TAMAMLANAN PROJE<\/div>\n\t\t\t\t\t\t\t\t\t\t\t<\/div>\n\n\t\t<\/div><\/div><\/div><\/div><\/div><\/div><\/div><\/div><\/section><div class=\"vc_row-full-width vc_clearfix\"><\/div>\n<\/div>","protected":false},"excerpt":{"rendered":"Bizim i\u00e7in bir ev, sadece duvarlardan ibaret de\u011fildir; o, an\u0131lar\u0131n birikti\u011fi, huzur buldu\u011funuz ve kendinizi en iyi hissetti\u011finiz yerdir. \u0130\u015fte","protected":false},"author":1,"featured_media":0,"parent":0,"menu_order":0,"comment_status":"closed","ping_status":"closed","template":"","meta":{"footnotes":""},"class_list":["post-5212","page","type-page","status-publish","hentry"],"yoast_head":"<!-- This site is optimized with the Yoast SEO plugin v27.3 - https:\/\/yoast.com\/product\/yoast-seo-wordpress\/ -->\n<title>Hakk\u0131m\u0131zda - noktahome.com<\/title>\n<meta name=\"robots\" content=\"index, follow, max-snippet:-1, max-image-preview:large, max-video-preview:-1\" \/>\n<link rel=\"canonical\" href=\"https:\/\/noktahome.com\/en\/hakkimizda\/\" \/>\n<meta property=\"og:locale\" content=\"en_US\" \/>\n<meta property=\"og:type\" content=\"article\" \/>\n<meta property=\"og:title\" content=\"Hakk\u0131m\u0131zda - noktahome.com\" \/>\n<meta property=\"og:url\" content=\"https:\/\/noktahome.com\/en\/hakkimizda\/\" \/>\n<meta property=\"og:site_name\" content=\"noktahome.com\" \/>\n<meta property=\"article:modified_time\" content=\"2025-09-03T11:40:21+00:00\" \/>\n<meta name=\"twitter:card\" content=\"summary_large_image\" \/>\n<meta name=\"twitter:site\" content=\"@noktahome\" \/>\n<meta name=\"twitter:label1\" content=\"Est. reading time\" \/>\n\t<meta name=\"twitter:data1\" content=\"3 minutes\" \/>\n<script type=\"application\/ld+json\" class=\"yoast-schema-graph\">{\"@context\":\"https:\\\/\\\/schema.org\",\"@graph\":[{\"@type\":\"WebPage\",\"@id\":\"https:\\\/\\\/noktahome.com\\\/hakkimizda\\\/\",\"url\":\"https:\\\/\\\/noktahome.com\\\/hakkimizda\\\/\",\"name\":\"Hakk\u0131m\u0131zda - noktahome.com\",\"isPartOf\":{\"@id\":\"https:\\\/\\\/noktahome.com\\\/#website\"},\"datePublished\":\"2021-08-25T07:26:28+00:00\",\"dateModified\":\"2025-09-03T11:40:21+00:00\",\"breadcrumb\":{\"@id\":\"https:\\\/\\\/noktahome.com\\\/hakkimizda\\\/#breadcrumb\"},\"inLanguage\":\"en-US\",\"potentialAction\":[{\"@type\":\"ReadAction\",\"target\":[\"https:\\\/\\\/noktahome.com\\\/hakkimizda\\\/\"]}]},{\"@type\":\"BreadcrumbList\",\"@id\":\"https:\\\/\\\/noktahome.com\\\/hakkimizda\\\/#breadcrumb\",\"itemListElement\":[{\"@type\":\"ListItem\",\"position\":1,\"name\":\"Anasayfa\",\"item\":\"https:\\\/\\\/noktahome.com\\\/\"},{\"@type\":\"ListItem\",\"position\":2,\"name\":\"Hakk\u0131m\u0131zda\"}]},{\"@type\":\"WebSite\",\"@id\":\"https:\\\/\\\/noktahome.com\\\/#website\",\"url\":\"https:\\\/\\\/noktahome.com\\\/\",\"name\":\"noktahome.com\",\"description\":\"Evine Bir Nokta Koy.\",\"publisher\":{\"@id\":\"https:\\\/\\\/noktahome.com\\\/#organization\"},\"potentialAction\":[{\"@type\":\"SearchAction\",\"target\":{\"@type\":\"EntryPoint\",\"urlTemplate\":\"https:\\\/\\\/noktahome.com\\\/?s={search_term_string}\"},\"query-input\":{\"@type\":\"PropertyValueSpecification\",\"valueRequired\":true,\"valueName\":\"search_term_string\"}}],\"inLanguage\":\"en-US\"},{\"@type\":\"Organization\",\"@id\":\"https:\\\/\\\/noktahome.com\\\/#organization\",\"name\":\"Nokta Home\",\"alternateName\":\"Nokta Home\",\"url\":\"https:\\\/\\\/noktahome.com\\\/\",\"logo\":{\"@type\":\"ImageObject\",\"inLanguage\":\"en-US\",\"@id\":\"https:\\\/\\\/noktahome.com\\\/#\\\/schema\\\/logo\\\/image\\\/\",\"url\":\"https:\\\/\\\/noktahome.com\\\/wp-content\\\/uploads\\\/2025\\\/07\\\/nokta-home-logo-footer.svg\",\"contentUrl\":\"https:\\\/\\\/noktahome.com\\\/wp-content\\\/uploads\\\/2025\\\/07\\\/nokta-home-logo-footer.svg\",\"width\":1,\"height\":1,\"caption\":\"Nokta Home\"},\"image\":{\"@id\":\"https:\\\/\\\/noktahome.com\\\/#\\\/schema\\\/logo\\\/image\\\/\"},\"sameAs\":[\"https:\\\/\\\/x.com\\\/noktahome\",\"https:\\\/\\\/www.instagram.com\\\/noktahomecom\\\/\",\"https:\\\/\\\/tr.pinterest.com\\\/noktahomecom\\\/\"]}]}<\/script>\n<!-- \/ Yoast SEO plugin. -->","yoast_head_json":{"title":"Hakk\u0131m\u0131zda - noktahome.com","robots":{"index":"index","follow":"follow","max-snippet":"max-snippet:-1","max-image-preview":"max-image-preview:large","max-video-preview":"max-video-preview:-1"},"canonical":"https:\/\/noktahome.com\/en\/hakkimizda\/","og_locale":"en_US","og_type":"article","og_title":"Hakk\u0131m\u0131zda - noktahome.com","og_url":"https:\/\/noktahome.com\/en\/hakkimizda\/","og_site_name":"noktahome.com","article_modified_time":"2025-09-03T11:40:21+00:00","twitter_card":"summary_large_image","twitter_site":"@noktahome","twitter_misc":{"Est. reading time":"3 minutes"},"schema":{"@context":"https:\/\/schema.org","@graph":[{"@type":"WebPage","@id":"https:\/\/noktahome.com\/hakkimizda\/","url":"https:\/\/noktahome.com\/hakkimizda\/","name":"Hakk\u0131m\u0131zda - noktahome.com","isPartOf":{"@id":"https:\/\/noktahome.com\/#website"},"datePublished":"2021-08-25T07:26:28+00:00","dateModified":"2025-09-03T11:40:21+00:00","breadcrumb":{"@id":"https:\/\/noktahome.com\/hakkimizda\/#breadcrumb"},"inLanguage":"en-US","potentialAction":[{"@type":"ReadAction","target":["https:\/\/noktahome.com\/hakkimizda\/"]}]},{"@type":"BreadcrumbList","@id":"https:\/\/noktahome.com\/hakkimizda\/#breadcrumb","itemListElement":[{"@type":"ListItem","position":1,"name":"Anasayfa","item":"https:\/\/noktahome.com\/"},{"@type":"ListItem","position":2,"name":"Hakk\u0131m\u0131zda"}]},{"@type":"WebSite","@id":"https:\/\/noktahome.com\/#website","url":"https:\/\/noktahome.com\/","name":"noktahome.com","description":"Evine Bir Nokta Koy.","publisher":{"@id":"https:\/\/noktahome.com\/#organization"},"potentialAction":[{"@type":"SearchAction","target":{"@type":"EntryPoint","urlTemplate":"https:\/\/noktahome.com\/?s={search_term_string}"},"query-input":{"@type":"PropertyValueSpecification","valueRequired":true,"valueName":"search_term_string"}}],"inLanguage":"en-US"},{"@type":"Organization","@id":"https:\/\/noktahome.com\/#organization","name":"Nokta Home","alternateName":"Nokta Home","url":"https:\/\/noktahome.com\/","logo":{"@type":"ImageObject","inLanguage":"en-US","@id":"https:\/\/noktahome.com\/#\/schema\/logo\/image\/","url":"https:\/\/noktahome.com\/wp-content\/uploads\/2025\/07\/nokta-home-logo-footer.svg","contentUrl":"https:\/\/noktahome.com\/wp-content\/uploads\/2025\/07\/nokta-home-logo-footer.svg","width":1,"height":1,"caption":"Nokta Home"},"image":{"@id":"https:\/\/noktahome.com\/#\/schema\/logo\/image\/"},"sameAs":["https:\/\/x.com\/noktahome","https:\/\/www.instagram.com\/noktahomecom\/","https:\/\/tr.pinterest.com\/noktahomecom\/"]}]}},"_links":{"self":[{"href":"https:\/\/noktahome.com\/en\/wp-json\/wp\/v2\/pages\/5212","targetHints":{"allow":["GET"]}}],"collection":[{"href":"https:\/\/noktahome.com\/en\/wp-json\/wp\/v2\/pages"}],"about":[{"href":"https:\/\/noktahome.com\/en\/wp-json\/wp\/v2\/types\/page"}],"author":[{"embeddable":true,"href":"https:\/\/noktahome.com\/en\/wp-json\/wp\/v2\/users\/1"}],"replies":[{"embeddable":true,"href":"https:\/\/noktahome.com\/en\/wp-json\/wp\/v2\/comments?post=5212"}],"version-history":[{"count":9,"href":"https:\/\/noktahome.com\/en\/wp-json\/wp\/v2\/pages\/5212\/revisions"}],"predecessor-version":[{"id":10109,"href":"https:\/\/noktahome.com\/en\/wp-json\/wp\/v2\/pages\/5212\/revisions\/10109"}],"wp:attachment":[{"href":"https:\/\/noktahome.com\/en\/wp-json\/wp\/v2\/media?parent=5212"}],"curies":[{"name":"wp","href":"https:\/\/api.w.org\/{rel}","templated":true}]}}